{"id":3481,"date":"2019-07-24T13:10:49","date_gmt":"2019-08-26T07:18:33","guid":{"rendered":"http:\/\/dev.eliteiplrf.com\/sr\/?post_type=product&#038;p=3481"},"modified":"2019-08-26T12:55:51","modified_gmt":"2019-08-26T12:55:51","slug":"elite-ana-shr-iplrf","status":"publish","type":"product","link":"https:\/\/www.eliteiplrf.com\/sr\/aparat\/elite-ana-shr-iplrf\/","title":{"rendered":"eLite Ana SHR IPL+RF"},"content":{"rendered":"<div class=\"wpb-content-wrapper\"><p>[vc_row][vc_column][vc_row_inner][vc_column_inner][vc_column_text text_larger=&#8221;no&#8221;]<\/p>\n<h2>Kon\u010dno kozmeti\u010dna naprava, ki ni le funkcionalna, ampak tudi izgleda lepo, tako da daje va\u0161emu salonu \u0161e bolj profesionalen videz!<\/h2>\n<p>[\/vc_column_text][\/vc_column_inner][\/vc_row_inner][vc_row_inner][vc_column_inner width=&#8221;1\/2&#8243;][vc_column_text text_larger=&#8221;no&#8221;]<img loading=\"lazy\" decoding=\"async\" class=\"size-medium wp-image-3255\" src=\"http:\/\/dev.eliteiplrf.com\/wp-content\/uploads\/2019\/07\/ucinki-elite-ana-shr-rf-470x263.jpg\" alt=\"u\u010dinki eLite Ana SHR\" width=\"470\" height=\"263\" srcset=\"https:\/\/www.eliteiplrf.com\/wp-content\/uploads\/2019\/07\/ucinki-elite-ana-shr-rf-470x263.jpg 470w, https:\/\/www.eliteiplrf.com\/wp-content\/uploads\/2019\/07\/ucinki-elite-ana-shr-rf.jpg 1024w, https:\/\/www.eliteiplrf.com\/wp-content\/uploads\/2019\/07\/ucinki-elite-ana-shr-rf-600x335.jpg 600w\" sizes=\"auto, (max-width: 470px) 100vw, 470px\" \/>[\/vc_column_text][\/vc_column_inner][vc_column_inner width=&#8221;1\/2&#8243;][vc_column_text text_larger=&#8221;no&#8221;]<\/p>\n<h2>Pri katerih tretmajih v kozmeti\u010dnem salonu lahko uporabljamo napravo eLite Ana SHR?<\/h2>\n<ul>\n<li><strong>Lifting ko\u017ee, u<\/strong>\u010dvrstitev ko\u017ee, izbolj\u0161anje pro\u017enosti in tonusa ko\u017ee.<\/li>\n<li>Pomlajevanje ko\u017ee: <strong>odstranitev drobnih gubic, <\/strong><strong>pigmentnih sprememb, <\/strong><strong>son\u010dnih peg, <\/strong><strong>\u017eilnih lezij <\/strong>(teleangiektazij); <strong>posvetlitev ko\u017ee, <\/strong><strong>zmanj\u0161anje velikih por.<\/strong><\/li>\n<li><strong>Trajno odstranjevanje dlak.<\/strong><\/li>\n<li><strong>Odstranjevanje aken; <\/strong>izbolj\u0161a stanje mastne ko\u017ee; uni\u010di bakterije.<\/li>\n<\/ul>\n<p>&nbsp;<\/p>\n<h2>Kaj pomenijo kratice IPL SHR?<\/h2>\n<p>SHR je okraj\u0161ava za\u00a0<strong>Super Hair Removal<\/strong>\u00a0in predstavlja\u00a0<strong>tehnologijo hitrega trajnega odstranjevanja dlak<\/strong>\u00a0z izjemnim uspehom.<\/p>\n<p>Tehnologija kombinira lasersko tehnologijo in tehnologijo intenzivne pulzirajo\u010de svetlobe za pri\u010dakovane rezultate brez bole\u010din.\u00a0<strong>Tudi dlake, ki so se sedaj te\u017eko ali celo nemogo\u010de odstranile se lahko sedaj s pomo\u010djo SHR tehnologije odstranijo.<\/strong><\/p>\n<p><strong>\u00bbIn Motion\u00ab<\/strong>\u00a0predstavlja revolucijo v tretmajih\u00a0<strong>trajnega odstranjevanja dlak z IPL tehnologijo<\/strong>. Tretma je bolj prijeten, sigurnej\u0161i in u\u010dinkovitej\u0161i za razliko od dosedanjih konvencionalnih metod.<\/p>\n<h2>Kak\u0161ne so prednosti aparata eLite Ana SHR pred drugimi aparati?<\/h2>\n<p>Prednosti aparata eLite Ana SHR:<\/p>\n<ul>\n<li><strong>Preprost<\/strong>\u00a0in\u00a0<strong>lep<\/strong>\u00a0edinstveno oblikovan inteligentni sistem s\u00a0<strong>stabilnim delovanjem<\/strong>.<\/li>\n<li>Enostavno upravljanje <strong>z LCD zaslonom na dotik<\/strong>. Na zaslon lahko dodate logo va\u0161ega podjetja.<\/li>\n<li>Tehnologija <strong>\u00bbIn Motion\u00ab.<\/strong><\/li>\n<li>SHR z novo <strong>AFT tehnologijo<\/strong>\u00a0(Advanced Flourescence Technology) uporablja\u00a0<strong>ni\u017ejo in enakomerno energijo<\/strong>. Specialni filter odstrani spekter valovnih dol\u017ein od 950-1200nm, ki so neuporabni pri tretmaju. Posledica je prijetnej\u0161i tretma\u00a0<strong>brez bole\u010din<\/strong>.<\/li>\n<li><strong>Kraj\u0161i \u010das trajanja tretmaja.<\/strong><\/li>\n<li><strong>Izjemna mo\u010d 2000W.<\/strong><\/li>\n<li><strong>Izbolj\u0161an ro\u010dnik z novo HERAEUS \u017earnico. <\/strong>Za primerjavo<strong>\u00a0&#8211;\u00a0<\/strong>normalna \u017earnica:\u00a0100.000 spotov,\u00a0\u017earnica za SHR ro\u010dnik:\u00a0<strong>1.000.000 spotov<\/strong>.<\/li>\n<\/ul>\n<p>[\/vc_column_text][\/vc_column_inner][\/vc_row_inner][vc_row_inner][vc_column_inner width=&#8221;1\/2&#8243;][vc_column_text text_larger=&#8221;no&#8221;]<img loading=\"lazy\" decoding=\"async\" class=\"size-full wp-image-3256\" src=\"http:\/\/dev.eliteiplrf.com\/wp-content\/uploads\/2019\/07\/tretma-z-elite-ana-prej-potem.jpg\" alt=\"tretma z eLite Ana SHR\" width=\"303\" height=\"165\" \/>[\/vc_column_text][\/vc_column_inner][vc_column_inner width=&#8221;1\/2&#8243;][vc_column_text text_larger=&#8221;no&#8221;]<\/p>\n<h2>Kak\u0161ni so rezultati delovanja eLite Ana SHR?<\/h2>\n<p>Na sliki so rezultati nebole\u010dega trajnega odstranjevanja dlak z aparatom eLite Ana SHR.<\/p>\n<p>[\/vc_column_text][\/vc_column_inner][\/vc_row_inner][vc_row_inner][vc_column_inner width=&#8221;1\/2&#8243;][\/vc_column_inner][vc_column_inner width=&#8221;1\/2&#8243;][vc_column_text text_larger=&#8221;no&#8221;]<\/p>\n<h2>Princip delovanja SHR<\/h2>\n<p><strong>IN-Motion tehnologija<\/strong>\u00a0predstavlja\u00a0<strong>revolucijo v udobnosti<\/strong>, hitrosti tretmaja in pri\u010dakovanih klini\u010dnih rezultatov. Zakaj? Zagotavlja postopno zvi\u0161anje temperature do klju\u010dne in \u017eelene terapevtske temperature za dosego terapevtskega u\u010dinka, brez tveganja nastanka po\u0161kodb in z veliko manj\u0161im ob\u010dutkom bole\u010dine.<\/p>\n<p>Elite Ana SHR je edinstvena naprava saj in motion na\u010din deluje povsem\u00a0<strong>brezbole\u010dinsko<\/strong>, predstavlja inovativno SHR tehnologijo in tehniko, ki odstrani \u0161tevilne ko\u017ene te\u017eave. Celoviti in ve\u010dkratni prehodi s pomo\u010djo\u00a0<strong>IN Motion aplikatorja<\/strong>\u00a0zagotovijo\u00a0<strong>gladke noge<\/strong>,\u00a0<strong>roke<\/strong>,\u00a0<strong>hrbet<\/strong>\u00a0in\u00a0<strong>obraz<\/strong>\u00a0za vse va\u0161e stranke \u2013\u00a0<strong>brez ob\u010dutka bole\u010din<\/strong>. Navsezadne stranke primerjajo SHR metodo z masa\u017eo z vro\u010dimi kamni.<\/p>\n<p>[\/vc_column_text][\/vc_column_inner][\/vc_row_inner][vc_row_inner][vc_column_inner width=&#8221;1\/2&#8243;][vc_single_image image=&#8221;4252&#8243; img_size=&#8221;&#8221; parallax_scroll=&#8221;no&#8221;][\/vc_column_inner][vc_column_inner width=&#8221;1\/2&#8243;][vc_column_text text_larger=&#8221;no&#8221;]<\/p>\n<h3><strong>Histologija po opravljeni SHR metodi<\/strong><\/h3>\n<p>Koagulativna nekroza in skr\u010denje centralnih komponent dla\u010dnega folikla (a) z red\u010denjem tkiva in dilatacijo po opravljeni SHR proceduri (b).<\/p>\n<p>[\/vc_column_text][\/vc_column_inner][\/vc_row_inner][vc_row_inner][vc_column_inner width=&#8221;1\/2&#8243;][vc_column_text text_larger=&#8221;no&#8221;]<img decoding=\"async\" style=\"font-size: 16px;\" title=\"SHR IN motion\" src=\"https:\/\/www.art-kozmetika.com\/media\/wysiwyg\/SHR-in-motion_2.jpg\" alt=\"SHR IN motion\" \/>[\/vc_column_text][\/vc_column_inner][vc_column_inner width=&#8221;1\/2&#8243;][vc_column_text text_larger=&#8221;no&#8221;]<\/p>\n<h3><strong>Spro\u0161\u010danje svetlobe: z izbiro 5 na\u010dinov delovanja<\/strong><\/h3>\n<p>1. 3 spote na sekundo<br \/>\n2. 4 spote na sekundo<br \/>\n3. 5 spotov na sekundo<br \/>\n4. 6 spotov na sekundo<br \/>\n5. 10 spotov na sekundo<\/p>\n<p>[\/vc_column_text][\/vc_column_inner][\/vc_row_inner][vc_row_inner][vc_column_inner width=&#8221;1\/2&#8243;][\/vc_column_inner][vc_column_inner width=&#8221;1\/2&#8243;][vc_column_text text_larger=&#8221;no&#8221;]<\/p>\n<h2>Princip delovanja eLite tretmaja<\/h2>\n<p><strong>E-Lite<\/strong>\u00a0kombinira tri napredne tehnologije:\u00a0<strong>bipolarno radiofrekvenco<\/strong>\u00a0+\u00a0<strong>IPL<\/strong>\u00a0+\u00a0<strong>kontaktno hlajenje ko\u017ee<\/strong>.<\/p>\n<p>Zdru\u017eitev vseh treh tehnologij v enem tretmaju omogo\u010da \u010dudovito izku\u0161njo tretmaja in pri\u010dakovane rezultate. <strong>Energija radiofrekvence<\/strong>\u00a0dose\u017ee srednjo in globljo plast ko\u017ee in tako segreva tkivo, zato se uporabi manj\u0161a<strong>\u00a0IPL energija<\/strong>\u00a0med tretmajem. Neprijeten ob\u010dutek med IPL tretmajem se bistveno zmanj\u0161a, prav tako pa se pri\u010dakujejo tudi bolj\u0161i rezultati. Poleg tega pa\u00a0<strong>hladilni sistem<\/strong>\u00a0vklju\u010den v E-Lite zmanj\u0161a neprijeten ob\u010dutek.<\/p>\n<p>Absorbirajo\u010da energija radiofrekvence ni v povezavi z melaninom. Zato <strong>E-Lite tretma<\/strong>\u00a0lahko dose\u017ee\u00a0<strong>dobre rezultate na mehkih ali tankih dlakah<\/strong>, ravno tako pa zmanj\u0161a tveganje, ki ga povzro\u010dajo tradicionalni IPL tretmaji.<\/p>\n<p>[\/vc_column_text][\/vc_column_inner][\/vc_row_inner][vc_row_inner][vc_column_inner width=&#8221;1\/2&#8243;][vc_column_text text_larger=&#8221;no&#8221;]<\/p>\n<table border=\"0\">\n<tbody>\n<tr>\n<td><img decoding=\"async\" title=\"delovanje elight\" src=\"https:\/\/www.art-kozmetika.com\/media\/wysiwyg\/delovanje-ipl-rf.jpg\" alt=\"delovanje elight\" \/><\/td>\n<td><\/td>\n<td>\u00a0 \u00a0 \u00a0\u00a0<img decoding=\"async\" title=\"delovanje elight\" src=\"https:\/\/www.art-kozmetika.com\/media\/wysiwyg\/delovanje-ipl-rf-shr-ana.jpg\" alt=\"delovanje elight\" \/><\/td>\n<\/tr>\n<\/tbody>\n<\/table>\n<p>[\/vc_column_text][\/vc_column_inner][vc_column_inner width=&#8221;1\/2&#8243;][vc_column_text text_larger=&#8221;no&#8221;]<\/p>\n<h3><strong>Histologija po opravljeni E-Lite metodi<\/strong><\/h3>\n<\/table>\n<ul>\n<li>Dizajnirana glede na \u0161tevilne <strong>klini\u010dne podatke izvedene s \u0161tevilnimi priznanimi zdravniki<\/strong>.<\/li>\n<li>RF energija se lahko uporablja <strong>pri vseh tipih ko\u017ee<\/strong>.<\/li>\n<li>Uporablja se lahko <strong>na temno obarvani ko\u017ei<\/strong>\u00a0ali\u00a0<strong>svetlo obarvanih dlakah<\/strong>.<\/li>\n<li>V kombinaciji z IPL, RF u\u010dinkovito <strong>zmanj\u0161a tveganje za nastanek opeklin<\/strong>\u00a0in neprijeten ob\u010dutek &#8211;\u00a0<strong>brez stranskih u\u010dinkov<\/strong>.<\/li>\n<li>Varnost\u00a0 tretmaja zagotavlja <strong>funkcija spremljanja temperature ko\u017ee<\/strong>.<\/li>\n<li>Enostavna za uporabo: <strong>ro\u010dnik se lahko nanese direktno na ko\u017eo<\/strong>.<\/li>\n<\/ul>\n<p>&nbsp;<\/p>\n<p>[\/vc_column_text][\/vc_column_inner][\/vc_row_inner][\/vc_column][\/vc_row][vc_row][vc_column width=&#8221;1\/2&#8243;][vc_single_image image=&#8221;4268&#8243; img_size=&#8221;&#8221; parallax_scroll=&#8221;no&#8221;][\/vc_column][vc_column width=&#8221;1\/2&#8243;][vc_column_text text_larger=&#8221;no&#8221;]Napredna tehnologija IPL + Rf aparata eLite Ana je plod obse\u017enih raziskav in testiranj.[\/vc_column_text][\/vc_column][\/vc_row][vc_row][vc_column width=&#8221;1\/2&#8243;][\/vc_column][vc_column width=&#8221;1\/2&#8243;][vc_column_text text_larger=&#8221;no&#8221;]<\/p>\n<h2>Kak\u0161na je razlika med IPL SHR in klasi\u010dnim IPL?<\/h2>\n<table border=\"1\">\n<tbody>\n<tr>\n<td>\n<h3><strong>Parameter<\/strong><\/h3>\n<\/td>\n<td>\n<h3><strong>Klasi\u010dni IPL<\/strong><\/h3>\n<\/td>\n<td>\n<h3><strong>SHR<\/strong><\/h3>\n<\/td>\n<td>\n<h3><strong>Prednosti<\/strong><\/h3>\n<\/td>\n<\/tr>\n<tr>\n<td>Na\u010din delovanja<\/td>\n<td>Ve\u010d pulzni na\u010din<\/td>\n<td>Eno pulzni na\u010din<\/td>\n<td>Eno pulzni na\u010din oddaja povpre\u010dno energijo, medtem ko ve\u010d pulzni na\u010din fokusira energijo na prvi pulz, kar lahko povzro\u010di opeklino na ko\u017ei.<\/td>\n<\/tr>\n<tr>\n<td>Valovna dol\u017eina<\/td>\n<td>640-1200 nm<\/td>\n<td>640-950 nm<\/td>\n<td>SHR filtrira vijoli\u010dno in infrarde\u010do svetlobo , ki\u00a0 bo odstranila in absorbirala vodo iz tkiva, ki ga tretiramo. Zato SHR nima stranskih u\u010dinkov na telo.<\/td>\n<\/tr>\n<tr>\n<td>Identifikacija ro\u010dnika<\/td>\n<td>Na voljo<\/td>\n<td>Na voljo<\/td>\n<td>Funkcija identifikacije omogo\u010da enostavno upravljanje z napravo in varnej\u0161i tretma.<\/td>\n<\/tr>\n<tr>\n<td>DEC Tehnologija<\/td>\n<td>Ni na voljo<\/td>\n<td>Na voljo<\/td>\n<td>Poskrbi za to\u010dnost izhodne energije in ob enem tudi zaslona. Kar omogo\u010da enostavno in varno upravljanje.<\/td>\n<\/tr>\n<tr>\n<td>Frekvenca<\/td>\n<td>0.2-1Hz<\/td>\n<td>1-10 Hz<\/td>\n<td>Pospe\u0161i hitrost delovanja in izvedbo \u0161tevilnih spotov na tretma.<\/td>\n<\/tr>\n<tr>\n<td>Tehnologija delovanja<\/td>\n<td>Stacionarna tehnologija<\/td>\n<td>Stacionarna tehnologija &amp; In-Motion tahnologija<\/td>\n<td>Hitra metoda IPL vzame manj \u010dasa za tretma na hrbtu, nogah in rokah.<\/td>\n<\/tr>\n<\/tbody>\n<\/table>\n<h3><\/h3>\n<h2>Ali mi ob nakupu predstavite tudi uporabo naprave?<\/h2>\n<p>Seveda, v ceni naprave je vklju\u010deno tudi izobra\u017eevanje. Poka\u017eemo vam kako se napravo pravilno uporablja, tudi kasneje pa smo vam preko telefona na voljo za morebitna vpra\u0161anja.<\/p>\n<h2>Kdaj se mi bo investicija povrnila?<\/h2>\n<p>Pa naredimo izra\u010dun. Recimo, da je za trajno odstranitev dlak s celotnih nog potrebno pla\u010dati 6 x 200 eur. Za vseh 6 tretmajev torej stranka pla\u010da 1200 eur. Pri 7 strankah, ki bi naro\u010dile trajno odstranjevanje dlak z nog, bi se vam tako investicija prakti\u010dno \u017ee povrnila. Seveda pa stranke naro\u010dajo tudi druge storitve, ki jih omogo\u010da eLite Ana SHR.<\/p>\n<p>Cena trajne odstranitve dlak je vzeta iz cenika slovenskih kozmeti\u010dnih salonov.<\/p>\n<h2>Kako pa je s pla\u010dilom?<\/h2>\n<p>V kolikor naprave eLite Ana SHR uporabo ne \u017eelite pla\u010dati v enkratnem znesku, vam\u00a0<strong>omogo\u010damo pla\u010dilo na obroke<\/strong>.<\/p>\n<h2><em>Preizkusite napreden aparat eLite Ana SHR in va\u0161im strankam omogo\u010dite spro\u0161\u010deno \u017eivljenje brez nadle\u017enih dla\u010dic!<\/em><\/h2>\n<p>&nbsp;<\/p>\n<p>[\/vc_column_text][\/vc_column][\/vc_row]<\/p>\n<\/div>","protected":false},"excerpt":{"rendered":"<p><strong>eLite Ana SHR IPL + RF<br \/>\n<\/strong><br \/>\nSHR je okraj\u0161ava za Super Hair Removal in predstavlja tehnologijo hitrega in trajnega odstranjevanja dlak z izjemnim uspehom.<\/p>\n<p>Tehnologija kombinira lasersko tehnologijo in tehnologijo intenzivne pulzirajo\u010de svetlobe za pri\u010dakovane rezultate brez bole\u010din.<\/p>\n<p>eLite Ana SHR IPL+RF v zgolj eni napravi nudi vse nasledne funkcije: u\u010dvrstitev ko\u017ee, lifting ko\u017ee, izbolj\u0161anje pro\u017enosti in tonusa ko\u017ee, pomlajevanje ko\u017ee, odstranjevanje drobnih gubic, fotopomlajevanje, odstranjevanje pigmentnih sprememb, odstranjevanje son\u010dnih peg, odstranjevanje \u017eilnih lezij (teleangiektazij), posvetlitev ko\u017ee, zmanj\u0161anje velikih por, trajno odstranjevanje dlak in odstranjevanje aken. Hkrati pa izbolj\u0161a stanje mastne ko\u017ee in uni\u010di bakterije.<\/p>\n<p><strong>Za ogled delovanja napredne aparature eLite Ana SHR v na\u0161em razstavno-prodajnem salonu v Trebnjem pokli\u010dite na 051 883 444 ali na\u00a0059 047 151\u00a0in si rezervirajte termin.<\/strong><\/p>\n","protected":false},"featured_media":3148,"template":"","meta":[],"product_brand":[],"product_cat":[210,209,208],"product_tag":[],"class_list":{"0":"post-3481","1":"product","2":"type-product","3":"status-publish","4":"has-post-thumbnail","6":"product_cat-uredaji-za-nego-lica-i-tretmane-lica","7":"product_cat-uredaji-za-pomladivanje-lica-i-tela","8":"product_cat-uredaji-za-trajno-uklanjanje-dlaka","10":"first","11":"instock","12":"featured","13":"taxable","14":"shipping-taxable","15":"product-type-simple"},"_links":{"self":[{"href":"https:\/\/www.eliteiplrf.com\/sr\/wp-json\/wp\/v2\/product\/3481","targetHints":{"allow":["GET"]}}],"collection":[{"href":"https:\/\/www.eliteiplrf.com\/sr\/wp-json\/wp\/v2\/product"}],"about":[{"href":"https:\/\/www.eliteiplrf.com\/sr\/wp-json\/wp\/v2\/types\/product"}],"wp:featuredmedia":[{"embeddable":true,"href":"https:\/\/www.eliteiplrf.com\/sr\/wp-json\/wp\/v2\/media\/3148"}],"wp:attachment":[{"href":"https:\/\/www.eliteiplrf.com\/sr\/wp-json\/wp\/v2\/media?parent=3481"}],"wp:term":[{"taxonomy":"product_brand","embeddable":true,"href":"https:\/\/www.eliteiplrf.com\/sr\/wp-json\/wp\/v2\/product_brand?post=3481"},{"taxonomy":"product_cat","embeddable":true,"href":"https:\/\/www.eliteiplrf.com\/sr\/wp-json\/wp\/v2\/product_cat?post=3481"},{"taxonomy":"product_tag","embeddable":true,"href":"https:\/\/www.eliteiplrf.com\/sr\/wp-json\/wp\/v2\/product_tag?post=3481"}],"curies":[{"name":"wp","href":"https:\/\/api.w.org\/{rel}","templated":true}]}}