{"id":5332,"date":"2024-11-11T13:33:07","date_gmt":"2024-11-11T13:33:07","guid":{"rendered":"https:\/\/www.eliteiplrf.com\/?post_type=product&#038;p=5332"},"modified":"2024-11-11T13:37:30","modified_gmt":"2024-11-11T13:37:30","slug":"smartart-microneedling-rf","status":"publish","type":"product","link":"https:\/\/www.eliteiplrf.com\/en\/beauty-machine\/smartart-microneedling-rf\/","title":{"rendered":"SmartART microneedling + RF"},"content":{"rendered":"<h2>Princip delovanja<\/h2>\n<p>Inovativna kozmeti\u010dna naprava, ki uporablja minimalno invazivne tehnike za pomlajevanje ko\u017ee. Postopek vklju\u010duje uporabo majhnih, sterilnih iglic za ustvarjanje drobnih mikropo\u0161kodb na povr\u0161ini ko\u017ee, ki spodbujajo naravni odziv ko\u017ee in spodbujajo proizvodnjo kolagena in elastina, kar u\u010dinkovito zmanj\u0161a videz brazgotin, peg, gub in drugih ko\u017enih te\u017eav.<\/p>\n<p><img loading=\"lazy\" decoding=\"async\" class=\"\" src=\"https:\/\/www.art-kozmetika.com\/media\/.renditions\/wysiwyg\/princip_delovanja.jpg\" alt=\"\" width=\"602\" height=\"201\" data-original=\"https:\/\/www.art-kozmetika.com\/media\/.renditions\/wysiwyg\/princip_delovanja.jpg\" \/><\/p>\n<h2>Naprava<\/h2>\n<p>Izredno lahka naprava. Te\u017eka samo 10 kg. Lahka za prena\u0161anje in li\u010dnega izgleda.<\/p>\n<p><img loading=\"lazy\" decoding=\"async\" class=\"\" src=\"https:\/\/www.art-kozmetika.com\/media\/.renditions\/wysiwyg\/Brez_naslova.jpg\" alt=\"\" width=\"607\" height=\"354\" data-original=\"https:\/\/www.art-kozmetika.com\/media\/.renditions\/wysiwyg\/Brez_naslova.jpg\" \/><\/p>\n<h2>Nov, izbolj\u0161an ro\u010dnik<\/h2>\n<p>10 nastavkov &#8211; za obraz<br \/>\n36 nastavkov &#8211; za celovito nego obraza<br \/>\n64 nastavkov &#8211; obdelava &#8211; tretiranje ko\u017ee na velikih povr\u0161inah<br \/>\nNano &#8211; za tretiranje ko\u017ee z mikrodermoabrazijo<\/p>\n<p><img loading=\"lazy\" decoding=\"async\" class=\"\" src=\"https:\/\/www.art-kozmetika.com\/media\/.renditions\/wysiwyg\/pini.jpg\" alt=\"\" width=\"415\" height=\"116\" data-original=\"https:\/\/www.art-kozmetika.com\/media\/.renditions\/wysiwyg\/pini.jpg\" \/><\/p>\n<h2>Vi\u0161ja raven varnosti<\/h2>\n<p>Igle so pakirane posami\u010dno, posami\u010dno ozna\u010dene in sterilizirane z etilen oksidom (EO), ki je varen, higienski in brez onesna\u017eevanja, stopnja sterilizacije je kar 99,99 %.<\/p>\n<p><img loading=\"lazy\" decoding=\"async\" class=\"\" src=\"https:\/\/www.art-kozmetika.com\/media\/.renditions\/wysiwyg\/pakiranje.jpg\" alt=\"\" width=\"319\" height=\"258\" data-original=\"https:\/\/www.art-kozmetika.com\/media\/.renditions\/wysiwyg\/pakiranje.jpg\" \/><\/p>\n<h2>Pameten androidni sistem<\/h2>\n<p>13,3-pal\u010dni zaslon Andriod &#8211; podpira spletne posodobitve OTA, kot so mobilni telefoni, da se zagotovi, da je sistem naprave posodobljen in ustreza potrebam \u010dasa.<\/p>\n<p>Samodejno prepoznana vrste igel &#8211; se spremenijo v najprimernej\u0161e Hz.<\/p>\n<p><img loading=\"lazy\" decoding=\"async\" class=\"\" src=\"https:\/\/www.art-kozmetika.com\/media\/.renditions\/wysiwyg\/android.jpg\" alt=\"\" width=\"528\" height=\"216\" data-original=\"https:\/\/www.art-kozmetika.com\/media\/.renditions\/wysiwyg\/android.jpg\" \/><\/p>\n<h2>Tehni\u010dne lastnosti<\/h2>\n<p>Zaslon 13,3-pal\u010dni popolnoma laminiran zaslon<br \/>\nFrekvenca 1MHz \/ 4MHz \/ 8MHz<br \/>\nMo\u010d 100 W (8MHz za koti\u010dke o\u010di, 4MHz za lica in vrat ter 1MHz za telo)<br \/>\nVhodna napetost 110V\/220V<br \/>\nVhodna frekvenca 50Hz \/ 60Hz<br \/>\nVakuumski podtlak Maks. 70 KPa<br \/>\nTlak 30KPa, nastavljiv glede na potrebe kupca<br \/>\nPremer mikroigle 0,1 mm<br \/>\nGlobina prehajanja igel od 0,5 do 4,0 mm (razlikuje se v razli\u010dnih delih)<\/p>\n","protected":false},"excerpt":{"rendered":"<p>Tehnologije: microneedling + RF + vacuum + 415 nm modra svetloba<\/p>\n<p>1Hz\/4Hz\/8Hz<\/p>\n<p><strong>Prijazen uporabni\u0161ki vmesnik ter 13,3 INCH ekran z zaslonom na dotik.<\/strong><\/p>\n<p>Androidni sistem povezljiv z internetom.<\/p>\n","protected":false},"featured_media":5333,"template":"","meta":[],"product_brand":[],"product_cat":[98],"product_tag":[351],"class_list":{"0":"post-5332","1":"product","2":"type-product","3":"status-publish","4":"has-post-thumbnail","6":"product_cat-naprave-za-nego-obraza-in-obrazne-tretmaje","7":"product_tag-microneedling","9":"first","10":"instock","11":"taxable","12":"shipping-taxable","13":"product-type-simple"},"_links":{"self":[{"href":"https:\/\/www.eliteiplrf.com\/en\/wp-json\/wp\/v2\/product\/5332","targetHints":{"allow":["GET"]}}],"collection":[{"href":"https:\/\/www.eliteiplrf.com\/en\/wp-json\/wp\/v2\/product"}],"about":[{"href":"https:\/\/www.eliteiplrf.com\/en\/wp-json\/wp\/v2\/types\/product"}],"wp:featuredmedia":[{"embeddable":true,"href":"https:\/\/www.eliteiplrf.com\/en\/wp-json\/wp\/v2\/media\/5333"}],"wp:attachment":[{"href":"https:\/\/www.eliteiplrf.com\/en\/wp-json\/wp\/v2\/media?parent=5332"}],"wp:term":[{"taxonomy":"product_brand","embeddable":true,"href":"https:\/\/www.eliteiplrf.com\/en\/wp-json\/wp\/v2\/product_brand?post=5332"},{"taxonomy":"product_cat","embeddable":true,"href":"https:\/\/www.eliteiplrf.com\/en\/wp-json\/wp\/v2\/product_cat?post=5332"},{"taxonomy":"product_tag","embeddable":true,"href":"https:\/\/www.eliteiplrf.com\/en\/wp-json\/wp\/v2\/product_tag?post=5332"}],"curies":[{"name":"wp","href":"https:\/\/api.w.org\/{rel}","templated":true}]}}