{"id":5305,"date":"2024-09-23T12:06:29","date_gmt":"2024-09-23T12:06:29","guid":{"rendered":"https:\/\/www.eliteiplrf.com\/?post_type=product&#038;p=5305"},"modified":"2024-11-11T13:42:39","modified_gmt":"2024-11-11T13:42:39","slug":"hydroart-pro-max-17-v-1","status":"publish","type":"product","link":"https:\/\/www.eliteiplrf.com\/en\/beauty-machine\/hydroart-pro-max-17-v-1\/","title":{"rendered":"HydroART PRO MAX | 17 v 1"},"content":{"rendered":"<p>HydroART PRO MAX | 17 v 1 ponuja popolno nego va\u0161ega obraza v samo eni napravi. Najnovej\u0161a tehnologija omogo\u010da izjemno izku\u0161njo globinskega \u010di\u0161\u010denja obraza.<\/p>\n<h2>Najnovej\u0161a tehnologija omogo\u010da izjemno zadovoljujo\u010do izku\u0161njo globinskega \u010di\u0161\u010denja in pilinga obraza.<\/h2>\n<p><strong>Odkrijte prihodnost nege ko\u017ee.\u00a0<\/strong>Ta vrhunski sistem\u00a0<strong>zdru\u017euje osem revolucionarnih tehnologij za nego ko\u017ee z devetimi nadgrajenimi konfiguracijami\u00a0<\/strong>in celovito obravnava vsak vidik ko\u017ee. Do\u017eivite\u00a0 lepotno inovacijo, kjer se za\u010dne sijo\u010da in mladostna ko\u017ea.<\/p>\n<h2>Glavne prednosti<\/h2>\n<p>1. Takoj\u0161nji rezultati.<br \/>\n2. Prilagodljivi tretmaji za ve\u010djo donosnost: ponuja ve\u010d mo\u017enosti, ki omogo\u010dajo prilagojene tretmaje in ve\u010djo donosnost va\u0161emu poslu.<br \/>\n3. Izjemen pri pilingu, ekstrakciji, hidrataciji.<br \/>\n4. Zanesljiva podpora in zagotovljen servis.<br \/>\n5. Usposabljanje in certificiranje: vklju\u010duje brezpla\u010dno prilagojeno usposabljanje in certifikat za varno delo z napravo.<\/p>\n<p><strong>Najnovej\u0161e nadgradnje:<\/strong><br \/>\n6. Izbolj\u0161ani ro\u010daji in dizajn: Vsebuje devet na novo nadgrajenih ro\u010dajev, od katerih je vsak izdelan z visoko konfiguracijo za natan\u010dnost in u\u010dinkovitost.<br \/>\n7. Inteligentno vakuumsko sesanje: Optimizirana tehnologija sesanja, ki jo nadzira napredna programska oprema, zagotavlja vrhunsko zmogljivost in rezultate.<\/p>\n<h2>Dodatne prednosti<\/h2>\n<p><strong>Izbolj\u0161a teksturo: z<\/strong>manj\u0161a hrapavost in zmanj\u0161a raz\u0161irjene pore za bolj gladko ko\u017eo.<br \/>\n<strong>Izena\u010di ton ko\u017ee:<\/strong>\u00a0zmanj\u0161a otopelost in uravnote\u017ei neenakomerne tone ko\u017ee.<br \/>\n<strong>\u010cisti akne:\u00a0<\/strong>bori se proti aknam in ogrcem ter spodbuja \u010distej\u0161o in bolj zdravo ko\u017eo.<br \/>\n<strong>Nadzoruje olje:<\/strong>\u00a0uravnava nastajanje sebuma za ohranjanje optimalne vla\u017enosti ko\u017ee.<br \/>\n<strong>Pove\u010da sijaj:\u00a0<\/strong>pove\u010da sijaj in elasti\u010dnost ko\u017ee ter razkrije mladosten sijaj.<br \/>\n<strong>Zmanj\u0161uje znake staranja:\u00a0<\/strong>zmeh\u010da drobne linije in gube za pomlajen videz.<\/p>\n<h2>Mo\u010d 8-ih revolucionarnih tehnologij za nego ko\u017ee<\/h2>\n<p>1.\u00a0<strong>Ro\u010daj z majhnimi mehur\u010dki:\u00a0<\/strong>odpira pore in globinsko \u010disti. Izbolj\u0161a odstranjevanje keratina, zmanj\u0161a mastnost in ogrce ter hidrira ko\u017eo, jo pusti \u010disto in sijo\u010do.<\/p>\n<p>2.\u00a0<strong>Bipolarni ro\u010daj s toplimi valovi: z<\/strong>agotavlja toplotno terapijo obraza, ki omogo\u010da tkivom ko\u017ee, da absorbirajo znatno toplotno energijo. Spodbuja proizvodnjo kolagena, gladi in u\u010dvrsti ko\u017eo.<\/p>\n<p>3.\u00a0<strong>Five Polar EMS Handle:<\/strong>\u00a0uporablja frekven\u010dno obmo\u010dje 20 Hz\u20131000 Hz z EMS za dviganje in napenjanje obraza, vidno zmanj\u0161anje drobnih gub okoli o\u010di in izbolj\u0161anje obrazne mimike.<\/p>\n<p>4.\u00a0<strong>Visokotla\u010dna pi\u0161tola za vbrizgavanje kisika:\u00a0<\/strong>ta\u00a0visokotla\u010dna pi\u0161tola za vbrizgavanje kisika prodre globoko v ko\u017eo in pove\u010da u\u010dinkovitost absorpcije z zmanj\u0161anjem por.<\/p>\n<p>5.\u00a0<strong>To\u010dkovni vibracijski ro\u010daj:<\/strong>\u00a0uporablja visokofrekven\u010dne vibracije za meh\u010danje ko\u017enih keratinocitov in u\u010dinkovito \u010di\u0161\u010denje globoko le\u017ee\u010dih ne\u010disto\u010d.<\/p>\n<p>6.\u00a0<strong>Ultrazvo\u010dni ro\u010daj s plo\u0161\u010dato glavo:<\/strong>\u00a0izkori\u0161\u010da resonanco zvo\u010dnih valov pri frekvencah med 1\u20133 milijoni Hz za odpiranje por in izbolj\u0161anje prodiranja izdelkov za nego ko\u017ee v globlje plasti celic.<\/p>\n<p>7.\u00a0<strong>Cold Import Handle:<\/strong>\u00a0hitro izvede analizo kakovosti ko\u017ee in zagotavlja ciljno izbolj\u0161anje za zmanj\u0161anje alergijskih reakcij, u\u010dvrstitev ko\u017ee in konturo obraza.<\/p>\n<p>8.\u00a0<strong>Bipolarni ro\u010daj s toplimi valovi: u<\/strong>porablja se za toplotno terapijo obraza, ki omogo\u010da ko\u017enemu tkivu, da absorbira veliko koli\u010dino toplotne energije v kombinaciji z novim kolagenom, da zgladi in napne ko\u017eo.<\/p>\n<h2>9 nadgrajenih konfiguracij za nego ko\u017ee na vi\u0161ji ravni<\/h2>\n<p>1.\u00a0<strong>Elektri\u010dni mikrokristalni ro\u010daj:<\/strong>\u00a0uporablja frekven\u010dno obmo\u010dje od 20Hz do 1000Hz s tehnologijo EMS, ki vklju\u010duje \u0161tiri valje za celovito masa\u017eo obraza. Ta tehnika privzdigne, u\u010dvrsti in izbolj\u0161a videz drobnih gubic okoli o\u010di ter povrne obrazu sijaj.<\/p>\n<p>2.\u00a0<strong>Ro\u010daj s sevalnimi kisikovimi mehur\u010dki:\u00a0<\/strong>ustvarja okolje, bogato s kisikom, za aktiviranje ko\u017enih celic, izbolj\u0161a absorpcijo izdelkov in globoko prepoji ko\u017ene plasti z aktivnimi sestavinami v sinergiji z izdelki za nego ko\u017ee.<\/p>\n<p>3.\u00a0<strong>Elektri\u010dni mikrokristalni ro\u010daj:\u00a0<\/strong>ta ro\u010daj vpliva na ko\u017eo z mikrokristali, da ustvari kanale za izbolj\u0161ano absorpcijo izdelka, premikanje naprej in nazaj za spodbujanje globljega prodiranja izdelkov za nego ko\u017ee.<\/p>\n<p>4.\u00a0<strong>LED barvita svetlobna maska:<\/strong>\u00a0vsebuje rde\u010do svetlobo za regeneracijo kolagena in prepre\u010devanje staranja, modro svetlobo za pomiritev in obnavljanje razdra\u017eenosti in rde\u010dice ko\u017ee ter belo svetlobo za spodbujanje metabolizma tkiva in zmanj\u0161anje drobnih gub.<\/p>\n<p>5.\u00a0<strong>Ultrazvo\u010dni ro\u010daj s to\u010dkovno glavo:<\/strong>\u00a0uporablja mikrokristalne sonde, ki vplivajo na ko\u017eo, da odprejo poti za absorpcijo izdelka, kar izbolj\u0161a dostavo aktivnih sestavin v ko\u017eo.<\/p>\n<p>6.\u00a0<strong>Diamantni ro\u010daj za dermoabrazijo:<\/strong>\u00a0uporablja trenje diamantnih delcev in vakuumsko sesanje za odstranjevanje starajo\u010dega se keratina z zunanje plasti ko\u017ene povrhnjice, kar spodbuja neinvazivno obnovo ko\u017ee za bolj gladko in varnej\u0161o polt.<\/p>\n<p>7.\u00a0<strong>Ozone Ion Handle:<\/strong>\u00a0zagotavlja protivnetne, antibakterijske koristi, pomirja in laj\u0161a srbenje, cilja na alergi\u010dno ko\u017eo za izbolj\u0161anje splo\u0161nega stanja ko\u017ee.<\/p>\n<p>8.\u00a0<strong>Lepotni peresni ro\u010daj:<\/strong>\u00a0osredoto\u010da se na odstranjevanje in pometanje ko\u017enih made\u017eev, da izbolj\u0161a sijaj ko\u017ee in spodbuja bolj enakomeren ten ko\u017ee.<\/p>\n<p>9.\u00a0<strong>High Frequency Wave Handle:<\/strong>\u00a0nudi protivnetne, baktericidne in pomirjujo\u010de u\u010dinke, \u0161e posebej blagodejno za alergi\u010dno ko\u017eo, izbolj\u0161a splo\u0161no zdravje in videz ko\u017ee.<\/p>\n<h2>Tehni\u010dne lastnosti<\/h2>\n<p>Ultrazvok: 1,1 Mhz<br \/>\nUltrazvok: 28-30 KHz<br \/>\nNapetost: 100-240V, 50 Hz \/ 60 Hz<br \/>\nHlajenje: 0-6C<br \/>\nHR frekvenca: 0,2 &#8211; 0,5 Mhz<br \/>\nPodtlak 90 Kpa, pretok: 30 L<br \/>\nZaslon: 12,1 palcev, 1024&#215;600<\/p>\n","protected":false},"excerpt":{"rendered":"<p>HydroART PRO MAX | 17 v 1 ponuja popolno nego va\u0161ega obraza v samo eni napravi. Najnovej\u0161a tehnologija omogo\u010da izjemno izku\u0161njo globinskega \u010di\u0161\u010denja obraza.<\/p>\n","protected":false},"featured_media":5306,"template":"","meta":[],"product_brand":[],"product_cat":[98],"product_tag":[349],"class_list":{"0":"post-5305","1":"product","2":"type-product","3":"status-publish","4":"has-post-thumbnail","6":"product_cat-naprave-za-nego-obraza-in-obrazne-tretmaje","7":"product_tag-hydroart-pro-max-17-v-1","9":"first","10":"instock","11":"taxable","12":"shipping-taxable","13":"product-type-simple"},"_links":{"self":[{"href":"https:\/\/www.eliteiplrf.com\/en\/wp-json\/wp\/v2\/product\/5305","targetHints":{"allow":["GET"]}}],"collection":[{"href":"https:\/\/www.eliteiplrf.com\/en\/wp-json\/wp\/v2\/product"}],"about":[{"href":"https:\/\/www.eliteiplrf.com\/en\/wp-json\/wp\/v2\/types\/product"}],"wp:featuredmedia":[{"embeddable":true,"href":"https:\/\/www.eliteiplrf.com\/en\/wp-json\/wp\/v2\/media\/5306"}],"wp:attachment":[{"href":"https:\/\/www.eliteiplrf.com\/en\/wp-json\/wp\/v2\/media?parent=5305"}],"wp:term":[{"taxonomy":"product_brand","embeddable":true,"href":"https:\/\/www.eliteiplrf.com\/en\/wp-json\/wp\/v2\/product_brand?post=5305"},{"taxonomy":"product_cat","embeddable":true,"href":"https:\/\/www.eliteiplrf.com\/en\/wp-json\/wp\/v2\/product_cat?post=5305"},{"taxonomy":"product_tag","embeddable":true,"href":"https:\/\/www.eliteiplrf.com\/en\/wp-json\/wp\/v2\/product_tag?post=5305"}],"curies":[{"name":"wp","href":"https:\/\/api.w.org\/{rel}","templated":true}]}}