{"id":5286,"date":"2024-09-23T11:50:38","date_gmt":"2024-09-23T11:50:38","guid":{"rendered":"https:\/\/www.eliteiplrf.com\/?post_type=product&#038;p=5286"},"modified":"2024-11-11T13:44:05","modified_gmt":"2024-11-11T13:44:05","slug":"diodni-laser-ice-3-0","status":"publish","type":"product","link":"https:\/\/www.eliteiplrf.com\/en\/beauty-machine\/diodni-laser-ice-3-0\/","title":{"rendered":"Diodni laser ICE 3.0"},"content":{"rendered":"<h2>Glavne prednosti<\/h2>\n<p><strong>&#8211; Velik LCD zaslon na dotik<\/strong>, ki se nahaja na ro\u010dniku za enostavno uporabo.<\/p>\n<p>&#8211; Visokotla\u010dna vodna \u010drpalka, uvo\u017eena iz Italije, ohranja u\u010dinkovito kro\u017eenje vode in podalj\u0161uje \u017eivljenjsko dobo opreme.<\/p>\n<p><strong>&#8211; Dvojni filtri za ohranjanje kakovosti vode.<\/strong><\/p>\n<p><strong>&#8211; Dvokanalni hladilni sistemi<\/strong>: TEC\/polprevodnik + kontaktno hlajenje s safirjem zagotavljajo nebole\u010do in udobno izku\u0161njo tretiranja.<\/p>\n<p><img loading=\"lazy\" decoding=\"async\" class=\"\" src=\"https:\/\/www.art-kozmetika.com\/media\/.renditions\/wysiwyg\/Brez_naslova_1200_x_628_pik_.jpg\" alt=\"\" width=\"447\" height=\"234\" data-original=\"https:\/\/www.art-kozmetika.com\/media\/.renditions\/wysiwyg\/Brez_naslova_1200_x_628_pik_.jpg\" \/><\/p>\n<p>Primeren za odstranjevanje \u00a0dlak na vseh predelih telesa (na ustnicah, brada, dlake na prsih, dlake pod pazduho, dlake na hrbtu, dlake na rokah, dlake na nogah in ne\u017eelene dlake zunaj bikini linije itd.)<\/p>\n<p><img loading=\"lazy\" decoding=\"async\" class=\"\" src=\"https:\/\/www.art-kozmetika.com\/media\/.renditions\/wysiwyg\/Brez_naslova_1200_x_628_pik_1_.jpg\" alt=\"\" width=\"621\" height=\"325\" data-original=\"https:\/\/www.art-kozmetika.com\/media\/.renditions\/wysiwyg\/Brez_naslova_1200_x_628_pik_1_.jpg\" \/><\/p>\n<h2>Katero tehnologijo uporablja laser?<\/h2>\n<p>Tehnologija laserskega odstranjevanja dlak temelji na selektivni dinamiki svetlobe in toplote. Laserski \u017earek prodre globoko v dermis ko\u017ee in dose\u017ee koren lasnih me\u0161i\u010dkov. Laserski me\u0161i\u010dek selektivno absorbira lasersko energijo in jo pretvori v toploto, ki bo nepopravljivo po\u0161kodovala tkivo lasnega me\u0161i\u010dka, ne da bi po\u0161kodovala okoli\u0161ko tkivo. Dla\u010dice izginejo po naravnem fiziolo\u0161kem procesu in dosegle trajen u\u010dinek odstranjevanja dlak.<\/p>\n<p>Njegova tehnologija temelji na selektivni absorpciji svetlobe in toplote. Laser gre skozi plast povrhnjice in dose\u017ee koren lasnih me\u0161i\u010dkov. Laser se lahko absorbira in pretvori v toploto, da uni\u010di lasni me\u0161i\u010dek in okoli\u0161ko tkivo; Medtem lahko poseben hladilni sistem ustvari dolo\u010dene anesteti\u010dne u\u010dinke, da za\u0161\u010diti plast povrhnjice pred opeklinami z lasersko energijo, kar zagotavlja varno in u\u010dinkovite tretmaje.<\/p>\n<p><strong>Hkrati 3000w diodni laser segreje lasne me\u0161i\u010dke na 48 \u2103<\/strong>\u00a0v na\u010dinu z ni\u017ejo energijsko gostoto, celice lasnih me\u0161i\u010dkov bodo izgubile aktivnost po neprekinjenem drsenju aplikatorja, tako da\u00a0<strong>dobimo u\u010dinek trajnega odstranjevanja dlak, hitro, u\u010dinkovito, varno in nebole\u010d.<\/strong><\/p>\n<p><strong>1 korak:\u00a0<\/strong>3000w energija diodnega laserja cilja na pigment dla\u010dnega folikla.<\/p>\n<p><strong>Korak 2:\u00a0<\/strong>lasni me\u0161i\u010dek se po\u0161koduje z energijo diodnega laserja.<\/p>\n<p><strong>Korak 3:<\/strong>\u00a0Lasni me\u0161i\u010dek je popolnoma po\u0161kodovan, \u00a0dlake prenehajo rasti in odpadejo.<\/p>\n<p><strong><img loading=\"lazy\" decoding=\"async\" class=\"\" src=\"https:\/\/www.art-kozmetika.com\/media\/.renditions\/wysiwyg\/Brez_naslova_1200_x_628_pik_5_.jpg\" alt=\"\" width=\"388\" height=\"203\" data-original=\"https:\/\/www.art-kozmetika.com\/media\/.renditions\/wysiwyg\/Brez_naslova_1200_x_628_pik_5_.jpg\" \/><\/strong><\/p>\n<p><strong>Pred in po tretmaju je mogo\u010de uporabiti hladilno plo\u0161\u010do za ko\u017eo. Ta plo\u0161\u010da vam lahko prinese novo izku\u0161njo odstranjevanja dlak, olaj\u0161a bole\u010dino in pove\u010da sam u\u010dinek tretmaja.<\/strong><\/p>\n<p><strong><img loading=\"lazy\" decoding=\"async\" class=\"\" src=\"https:\/\/www.art-kozmetika.com\/media\/.renditions\/wysiwyg\/Brez_naslova_1200_x_628_pik_6_.jpg\" alt=\"\" width=\"380\" height=\"199\" data-original=\"https:\/\/www.art-kozmetika.com\/media\/.renditions\/wysiwyg\/Brez_naslova_1200_x_628_pik_6_.jpg\" \/><\/strong><\/p>\n<h2>Uporabniku prijazen uporabni\u0161ki sistem<\/h2>\n<p>Upravljanje je izredno enostavno, uporabniku prijazen uporabni\u0161ki program za izbiro programa ter ostalih nastavitev.<\/p>\n<p><img loading=\"lazy\" decoding=\"async\" class=\"\" src=\"https:\/\/www.art-kozmetika.com\/media\/.renditions\/wysiwyg\/Brez_naslova_1200_x_628_pik_2_.jpg\" alt=\"\" width=\"706\" height=\"369\" data-original=\"https:\/\/www.art-kozmetika.com\/media\/.renditions\/wysiwyg\/Brez_naslova_1200_x_628_pik_2_.jpg\" \/><\/p>\n<p>V prednastavljenem na\u010dinu bo sistem po potrditvi prej\u0161njih parametrov samodejno nastavil parametre tretiranja, ne da bi jih bilo treba ponovno ro\u010dno prilagajati, kar je idealno za za\u010detnike<\/p>\n<p><img loading=\"lazy\" decoding=\"async\" class=\"\" src=\"https:\/\/www.art-kozmetika.com\/media\/.renditions\/wysiwyg\/Brez_naslova_1200_x_628_pik_3_.jpg\" alt=\"\" width=\"713\" height=\"373\" data-original=\"https:\/\/www.art-kozmetika.com\/media\/.renditions\/wysiwyg\/Brez_naslova_1200_x_628_pik_3_.jpg\" \/><\/p>\n<p>&nbsp;<\/p>\n<p><img loading=\"lazy\" decoding=\"async\" class=\"\" src=\"https:\/\/www.art-kozmetika.com\/media\/.renditions\/wysiwyg\/Brez_naslova_1200_x_628_pik_4_.jpg\" alt=\"\" width=\"709\" height=\"371\" data-original=\"https:\/\/www.art-kozmetika.com\/media\/.renditions\/wysiwyg\/Brez_naslova_1200_x_628_pik_4_.jpg\" \/><\/p>\n<p>Laser prodre globoko v ko\u017eo in nato absorbira energijo v lasni me\u0161i\u010dek, da ga neposredno uni\u010di in prepre\u010di ponovno rast dlake. Ve\u010dina ljudi opazi ob\u010dutno zmanj\u0161anje dlak po osmih tretmajih.<\/p>\n","protected":false},"excerpt":{"rendered":"<p><strong>\u2013\u00a0 \u0160tiri valovne dol\u017eine v enem aplikatorju: 755 nm, 808 nm, 940 nm,1064 nm<\/strong><\/p>\n<p>\u2013 Hitro odstranjevanje vseh tipov dla\u010dic<\/p>\n<p><strong>\u2013 Visoka izhodna mo\u010d: 3000 W<\/strong>\u00a0(z zadostno in stabilno energijo)<\/p>\n<p>\u2013 Dolga \u017eivljenjska doba<\/p>\n<p>\u2013 Ve\u010dji aplikatorji (v primerjavi z ostalimi)<\/p>\n<p><strong>\u2013 Opremljen s posebno plo\u0161\u010do za hlajenje ko\u017ee<\/strong><\/p>\n<p><strong>\u2013 Nadgrajen ro\u010daj za tretiranje s 4 odstranljivimi glavami za tretiranje<\/strong>, ki ustreza potrebam razli\u010dnih delov telesa<\/p>\n","protected":false},"featured_media":5302,"template":"","meta":[],"product_brand":[],"product_cat":[95],"product_tag":[348],"class_list":{"0":"post-5286","1":"product","2":"type-product","3":"status-publish","4":"has-post-thumbnail","6":"product_cat-naprave-za-trajno-odstranjevanje-dlak","7":"product_tag-ice-3-0","9":"first","10":"instock","11":"taxable","12":"shipping-taxable","13":"product-type-simple"},"_links":{"self":[{"href":"https:\/\/www.eliteiplrf.com\/en\/wp-json\/wp\/v2\/product\/5286","targetHints":{"allow":["GET"]}}],"collection":[{"href":"https:\/\/www.eliteiplrf.com\/en\/wp-json\/wp\/v2\/product"}],"about":[{"href":"https:\/\/www.eliteiplrf.com\/en\/wp-json\/wp\/v2\/types\/product"}],"wp:featuredmedia":[{"embeddable":true,"href":"https:\/\/www.eliteiplrf.com\/en\/wp-json\/wp\/v2\/media\/5302"}],"wp:attachment":[{"href":"https:\/\/www.eliteiplrf.com\/en\/wp-json\/wp\/v2\/media?parent=5286"}],"wp:term":[{"taxonomy":"product_brand","embeddable":true,"href":"https:\/\/www.eliteiplrf.com\/en\/wp-json\/wp\/v2\/product_brand?post=5286"},{"taxonomy":"product_cat","embeddable":true,"href":"https:\/\/www.eliteiplrf.com\/en\/wp-json\/wp\/v2\/product_cat?post=5286"},{"taxonomy":"product_tag","embeddable":true,"href":"https:\/\/www.eliteiplrf.com\/en\/wp-json\/wp\/v2\/product_tag?post=5286"}],"curies":[{"name":"wp","href":"https:\/\/api.w.org\/{rel}","templated":true}]}}