{"id":5259,"date":"2024-05-10T06:24:11","date_gmt":"2024-05-10T06:24:11","guid":{"rendered":"https:\/\/www.eliteiplrf.com\/?post_type=product&#038;p=5259"},"modified":"2024-05-10T06:24:12","modified_gmt":"2024-05-10T06:24:12","slug":"zerono-art-green-laser-za-oblikovanje-telesa","status":"publish","type":"product","link":"https:\/\/www.eliteiplrf.com\/en\/beauty-machine\/zerono-art-green-laser-za-oblikovanje-telesa\/","title":{"rendered":"Zerono ART green laser za oblikovanje telesa"},"content":{"rendered":"<p><strong>Kot prvi v kategoriji neinvazivnega oblikovanja telesa.<\/strong><\/p>\n<p><strong><img loading=\"lazy\" decoding=\"async\" class=\"\" src=\"https:\/\/www.klarinsvet.si\/wp-content\/uploads\/2016\/02\/5-zvezdic.png\" alt=\"5-zvezdic - www.klarinsvet.si\" width=\"289\" height=\"85\" data-original=\"https:\/\/www.klarinsvet.si\/wp-content\/uploads\/2016\/02\/5-zvezdic.png\" \/><\/strong><\/p>\n<p>Uporablja tako imenovani\u00a0<strong>&#8220;Green Laser Scanner&#8221;,<\/strong>\u00a0to je, da emulgira ma\u0161\u010dobo tako, da na ma\u0161\u010dobni celici ustvari pore, skozi katere se vsebina ma\u0161\u010dobne celice izlo\u010di preko limfnega sistema.<\/p>\n<p><strong>U\u010dinek tega laserja je najbolje viden na trebuhu, bokih in stegnih.<\/strong><\/p>\n<p><strong>Zeleni laser\u00a0povzro\u010di spro\u0161\u010danje ma\u0161\u010dobnih lipidov iz notranjosti ma\u0161\u010dobnih celic,<\/strong>\u00a0zaradi \u010desar se ma\u0161\u010dobne celice sesedejo in skr\u010dijo na manj\u0161o velikost, kar zmanj\u0161a obseg in videz celulita. Ma\u0161\u010dobni lipidi nato vstopijo v limfni sistem, kjer se razgradijo v proste ma\u0161\u010dobne kisline in uporabijo kot energija v kardiovaskularnem sistemu.<\/p>\n<p><strong>Zeleni laser cilja\u00a0na trdovratna ma\u0161\u010dobna podro\u010dja in nebole\u010de emulgira ma\u0161\u010dobne celice pod ko\u017eo.<\/strong><\/p>\n<p><strong>Izredno lahek &#8211; le 12 kg,\u00a0<\/strong>kar omogo\u010da la\u017eje prena\u0161anje.<\/p>\n<p>Tretma je primer\u00a0<strong>tako za mo\u0161ke, kot za \u017eenske.<\/strong><\/p>\n<p>&nbsp;<\/p>\n<p><img loading=\"lazy\" decoding=\"async\" class=\"\" src=\"https:\/\/www.art-kozmetika.com\/media\/.renditions\/magefan_blog\/ZERONO_ART_GREEN_LASER_5_.jpg\" width=\"276\" height=\"276\" \/><\/p>\n<p>&nbsp;<\/p>\n<p>Naprava uporablja 532nm zeleni laser &#8211; \u017earek, ki cilja na ma\u0161\u010dobno plast.\u00a0Energija iz laserja spro\u017ei kemi\u010dno reakcijo v mitohondrijih celice.<\/p>\n<p><strong>Strankam nudi alternativo kirur\u0161kim metodam.<\/strong>\u00a0\u010ce stranka ni prepri\u010dana, ali je pripravljena na kirur\u0161ki poseg, kot je liposukcija, je na\u0161 laser varna alternativa za nebole\u010de odstranjevanje ma\u0161\u010dobnih oblog, zato ga popularno imenujemo neinvazivna liposukcija.\u00a0<strong>Tretmaji so 100% neinvazivni, ne povzro\u010dajo modric ali prask.<\/strong><\/p>\n<p><strong>Ker gre za hladen laser, med tretmajem ni nelagodja ali bole\u010dine, takoj po tretmaju pa lahko nadaljujete z normalnimi dnevnimi aktivnostmi.<\/strong><\/p>\n<p>Liposukcija je invazivna metoda, ki odstrani celotno povr\u0161ino ma\u0161\u010dobnih celic, nalo\u017eenih pod ko\u017eo. Liposukcijo lahko izvajamo v splo\u0161ni ali lokalni anesteziji. Na\u0161 laser je 100% neinvazivni, saj se izvajajo z &#8220;low level&#8221; laserjem, ki stimulira ma\u0161\u010dobno celico, jo emulgira in spro\u0161\u010da ma\u0161\u010dobo.\u00a0<strong>Med tretmajem ne \u010dutite ni\u010desar.<\/strong><\/p>\n<p>&nbsp;<\/p>\n<p><strong>Naprava<\/strong><\/p>\n<p>&#8211; Krila lahko nastavite gor in dol za 100 stopinj<\/p>\n<p><strong>&#8211; 10 diod skrbi za 360 \u00b0 skeniranje<\/strong><\/p>\n<p>&#8211; Vi\u0161ino podporne roke je mogo\u010de nastaviti tudi na glavi svetilke<\/p>\n<p>&nbsp;<\/p>\n<p><img loading=\"lazy\" decoding=\"async\" class=\"\" src=\"https:\/\/www.art-kozmetika.com\/media\/.renditions\/magefan_blog\/ZERONO_ART_GREEN_LASER_.jpg\" width=\"493\" height=\"493\" \/><\/p>\n<p>&nbsp;<\/p>\n<p><strong>Tehni\u010dni podatki:<\/strong><\/p>\n<p>Napetost: AC90V~AC240V<\/p>\n<p>Mo\u010d: 180VA<\/p>\n<p>Valovna dol\u017eina diode: 532 nm<\/p>\n<p>\u0160tevilo diod: 10<\/p>\n<p>Najve\u010dji doseg laserske glave: 110 cm<\/p>\n<p>Nastavljiv kot laserskih laserskih kril: 100 stopinj<\/p>\n<p>Te\u017ea laserske glave: 12 kg<\/p>\n<p>Najve\u010dji doseg: 500 mm<\/p>\n<p>Velikost zaslona: 12,1 palcev<\/p>\n","protected":false},"excerpt":{"rendered":"<p>Kot prvi v kategoriji neinvazivnega oblikovanja telesa. Uporablja tako imenovani\u00a0&#8220;Green Laser Scanner&#8221;,\u00a0to je, da emulgira ma\u0161\u010dobo tako, da na ma\u0161\u010dobni<\/p>\n","protected":false},"featured_media":5269,"template":"","meta":[],"product_brand":[],"product_cat":[97],"product_tag":[347],"class_list":{"0":"post-5259","1":"product","2":"type-product","3":"status-publish","4":"has-post-thumbnail","6":"product_cat-naprave-za-oblikovanje-telesa","7":"product_tag-zerono-art-green-laser","9":"first","10":"instock","11":"taxable","12":"shipping-taxable","13":"product-type-simple"},"_links":{"self":[{"href":"https:\/\/www.eliteiplrf.com\/en\/wp-json\/wp\/v2\/product\/5259","targetHints":{"allow":["GET"]}}],"collection":[{"href":"https:\/\/www.eliteiplrf.com\/en\/wp-json\/wp\/v2\/product"}],"about":[{"href":"https:\/\/www.eliteiplrf.com\/en\/wp-json\/wp\/v2\/types\/product"}],"wp:featuredmedia":[{"embeddable":true,"href":"https:\/\/www.eliteiplrf.com\/en\/wp-json\/wp\/v2\/media\/5269"}],"wp:attachment":[{"href":"https:\/\/www.eliteiplrf.com\/en\/wp-json\/wp\/v2\/media?parent=5259"}],"wp:term":[{"taxonomy":"product_brand","embeddable":true,"href":"https:\/\/www.eliteiplrf.com\/en\/wp-json\/wp\/v2\/product_brand?post=5259"},{"taxonomy":"product_cat","embeddable":true,"href":"https:\/\/www.eliteiplrf.com\/en\/wp-json\/wp\/v2\/product_cat?post=5259"},{"taxonomy":"product_tag","embeddable":true,"href":"https:\/\/www.eliteiplrf.com\/en\/wp-json\/wp\/v2\/product_tag?post=5259"}],"curies":[{"name":"wp","href":"https:\/\/api.w.org\/{rel}","templated":true}]}}