{"id":5197,"date":"2023-09-25T12:53:28","date_gmt":"2023-09-25T12:53:28","guid":{"rendered":"https:\/\/www.eliteiplrf.com\/?post_type=product&#038;p=5197"},"modified":"2023-10-17T12:08:49","modified_gmt":"2023-10-17T12:08:49","slug":"5197","status":"publish","type":"product","link":"https:\/\/www.eliteiplrf.com\/en\/beauty-machine\/5197\/","title":{"rendered":"Napredna tehnologija za izjemen lifting obraza FaceART TESLA (EMS+RF)"},"content":{"rendered":"<p>FaceART TESLA &#8211; posebej zasnovan za nego obraznih mi\u0161ic, ki uporablja visokointenzivno elektromagnetno stimulacijo obraza in sinhrono radiofrekven\u010dno tehnologijo, hkrati za napenjanje mi\u0161ic in ko\u017ee ter uravnavanje obraza, za pomo\u010d pri obnovi konture obraza, <strong>tretma je nebole\u010d<\/strong>,\u00a0<strong>neinvaziven<\/strong>,\u00a0<strong>brez okrevanja<\/strong>, brez anestezije.<\/p>\n<p>FaceART TESLA v primerjavi z drugo impulzno elektromagnetno terapijo, ki ga oddaja FACE TESLA aprava, ne bo povzro\u010dila tresenja posameznika, povzro\u010dilo pa bo zelo mo\u010dno kr\u010denje mi\u0161ic, s \u010dimer se bo izbolj\u0161ala napetost obraznih mi\u0161ic in dvi\u017ena sila, preoblikujejo se mi\u0161i\u010dne skupine in vezivno tkivo.\u00a0 EMRF uporablja hkratno uporabo visokointenzivne obrazne elektromagnetne stimulacije (HIFES) in tehnologije sinhronizirane radiofrekven\u010dnosti (RF), da vpliva na obrazne mi\u0161ice, ko\u017eo, vezivno tkivo. <strong>Hkrati lahko napne obrazne mi\u0161ice, dvigne ohlapno ko\u017eo na licih, \u010deljustnici in pod brado ter tako zmanj\u0161a gube in izbolj\u0161a rezultate!<\/strong><\/p>\n<p>&nbsp;<\/p>\n<p>U\u010dinek FaceART TESLA na ko\u017eo: &#8211; 37-odstotno zmanj\u0161anje povpre\u010dnih gub.<\/p>\n<p><strong>&#x25aa; Aktivna povr\u0161ina \u010dez celoten naglavni obli\u017e.<\/strong><\/p>\n<p><strong>&#x25aa; Enakomerno segrevanje vseh plasti.<\/strong><\/p>\n<p>&nbsp;<\/p>\n<p>U\u010dinek FaceART TESLA na mi\u0161ico: &#8211; 30-odstotno pove\u010danje povpre\u010dnega mi\u0161i\u010dnega tonusa.<\/p>\n<p><strong>&#x25aa; Najve\u010dja kontrakcija mi\u0161ic za lifting obraza.<\/strong><\/p>\n<p><strong>&#x25aa; Strukturne spremembe &#8211; izbolj\u0161an &gt; mirujo\u010d mi\u0161i\u010dni tonus,<\/strong><\/p>\n<p><strong>&#x25aa; Spodbuja sintezo mi\u0161i\u010dnih beljakovin in obnovo miofibril<\/strong><\/p>\n<p>&nbsp;<\/p>\n<p>FaceART TESLA zagotavlja nego obraza na neinvaziven na\u010din, s prednostmi, ki vklju\u010dujejo:<\/p>\n<p><strong>&#x25aa; Dvigovanje ko\u017ee obraza<\/strong><\/p>\n<p><strong>&#x25aa; Zmanj\u0161a gube<\/strong><\/p>\n<p><strong>&#x25aa; Pove\u010da proizvodnjo kolagena in elastina<\/strong><\/p>\n<p><strong>&#x25aa; Pove\u010da mi\u0161i\u010dni tonus in dvi\u017eno mo\u010d.<\/strong><\/p>\n<p><strong>&#x25aa; Izbolj\u0161a videz obraza<\/strong><\/p>\n<p><strong>&#x25aa; Pove\u010da enakomernost ko\u017ee<\/strong><\/p>\n<p><strong>&#x25aa; Zagotavlja bolj mladosten videz obraza<\/strong><\/p>\n<p><img loading=\"lazy\" decoding=\"async\" class=\"alignnone size-medium wp-image-5201\" src=\"https:\/\/www.eliteiplrf.com\/wp-content\/uploads\/2023\/09\/prej-in-potem-face-tesla-230x300.png\" alt=\"\" width=\"230\" height=\"300\" srcset=\"https:\/\/www.eliteiplrf.com\/wp-content\/uploads\/2023\/09\/prej-in-potem-face-tesla-230x300.png 230w, https:\/\/www.eliteiplrf.com\/wp-content\/uploads\/2023\/09\/prej-in-potem-face-tesla.png 519w\" sizes=\"auto, (max-width: 230px) 100vw, 230px\" \/><\/p>\n<p><strong>Tehni\u010dne specifikacije FaceART TESLA:<\/strong><\/p>\n<p><strong>&#x25aa;\u00a0<\/strong>Zaslon na dotik: 15 palcev<\/p>\n<p><strong>&#x25aa;\u00a0<\/strong>RF frekvenca: 1-4 MHz<\/p>\n<p><strong>&#x25aa;\u00a0<\/strong>Napajalna napetost: AC100 V\uff5e240V\uff0c50 Hz &#8211; 60 Hz<\/p>\n<p><strong>&#x25aa;\u00a0<\/strong>Mo\u010d: 100-200 W<\/p>\n","protected":false},"excerpt":{"rendered":"<p><strong>Prednosti:<\/strong><\/p>\n<p><strong>Do + 30%<\/strong>\u00a0M<span class=\"Y2IQFc\" lang=\"sl\">i\u0161i\u010dnega tonusa v povpre\u010dju.<\/span><\/p>\n<p><span class=\"Y2IQFc\" lang=\"sl\">Za do -37% Zmanj\u0161anje me\u017eikanja v povpre\u010dju.<\/span><\/p>\n<p><span class=\"Y2IQFc\" lang=\"sl\">Za do\u00a0<strong>+23%<\/strong>\u00a0ve\u010dji u<\/span><span class=\"Y2IQFc\" lang=\"sl\">\u010dinek liftinga v povpre\u010dju.<\/span><\/p>\n<p>FACE TESLA je neinvazivna naprava za nego obraza proti staranju, ki uporablja visoko intenzivno elektromagnetno stimulacijo obraza (visokointenzivna obrazna stimulacija).<\/p>\n","protected":false},"featured_media":5206,"template":"","meta":[],"product_brand":[],"product_cat":[98,96],"product_tag":[345],"class_list":{"0":"post-5197","1":"product","2":"type-product","3":"status-publish","4":"has-post-thumbnail","6":"product_cat-naprave-za-nego-obraza-in-obrazne-tretmaje","7":"product_cat-naprave-za-pomlajevanje-obraza-in-telesa","8":"product_tag-face-tesla-emsrf","10":"first","11":"instock","12":"taxable","13":"shipping-taxable","14":"product-type-simple"},"_links":{"self":[{"href":"https:\/\/www.eliteiplrf.com\/en\/wp-json\/wp\/v2\/product\/5197","targetHints":{"allow":["GET"]}}],"collection":[{"href":"https:\/\/www.eliteiplrf.com\/en\/wp-json\/wp\/v2\/product"}],"about":[{"href":"https:\/\/www.eliteiplrf.com\/en\/wp-json\/wp\/v2\/types\/product"}],"wp:featuredmedia":[{"embeddable":true,"href":"https:\/\/www.eliteiplrf.com\/en\/wp-json\/wp\/v2\/media\/5206"}],"wp:attachment":[{"href":"https:\/\/www.eliteiplrf.com\/en\/wp-json\/wp\/v2\/media?parent=5197"}],"wp:term":[{"taxonomy":"product_brand","embeddable":true,"href":"https:\/\/www.eliteiplrf.com\/en\/wp-json\/wp\/v2\/product_brand?post=5197"},{"taxonomy":"product_cat","embeddable":true,"href":"https:\/\/www.eliteiplrf.com\/en\/wp-json\/wp\/v2\/product_cat?post=5197"},{"taxonomy":"product_tag","embeddable":true,"href":"https:\/\/www.eliteiplrf.com\/en\/wp-json\/wp\/v2\/product_tag?post=5197"}],"curies":[{"name":"wp","href":"https:\/\/api.w.org\/{rel}","templated":true}]}}