{"id":5183,"date":"2023-08-08T12:51:25","date_gmt":"2023-08-08T12:51:25","guid":{"rendered":"https:\/\/www.eliteiplrf.com\/?post_type=product&#038;p=5183"},"modified":"2024-11-12T13:44:26","modified_gmt":"2024-11-12T13:44:26","slug":"triscam-iii","status":"publish","type":"product","link":"https:\/\/www.eliteiplrf.com\/en\/beauty-machine\/triscam-iii\/","title":{"rendered":"TrisCAM III"},"content":{"rendered":"<p>\u010ce i\u0161\u010dete napravo za trajno in nebole\u010de odstranjevanje dlak pod pazduho, po telesu, na bikini predelu in nad ustnico &#8211; s katerim lahko izvajate tretmaje skozi vso leto &#8211; potem ste jo na\u0161li &#8211; to je\u00a0<strong>Diodni laser TrisCAM III.<\/strong><\/p>\n<p><strong>Primeren za vse tipe ko\u017ee in dlak.<\/strong><\/p>\n<p>Strankam je v\u0161e\u010d, ker lahko zelo jasno vidijo napredek pri odstranjevanju dlak &#8211; saj ima\u00a0<strong>TrisCAM kamero,<\/strong>\u00a0ki tretiran predel poslika z do 200x pove\u010davo; podatke pa shrani ali po\u0161lje slike stranki preko e-maila.<\/p>\n<ul>\n<li><span class=\"Y2IQFc\" lang=\"sl\">13,3-pal\u010dni zaslon Android: prijazen in funkcionalen.<\/span><\/li>\n<\/ul>\n<p><img loading=\"lazy\" decoding=\"async\" class=\"\" src=\"https:\/\/www.art-kozmetika.com\/media\/wysiwyg\/Jan\/Diodni_laser_TrisCAM_III_zaslon_za_aparat.jpg\" alt=\"Diodni laser TrisCAM III zaslon za aparat\" width=\"319\" height=\"143\" data-original=\"https:\/\/www.art-kozmetika.com\/media\/wysiwyg\/Jan\/Diodni_laser_TrisCAM_III_zaslon_za_aparat.jpg\" \/><\/p>\n<ul>\n<li><span class=\"Y2IQFc\" lang=\"sl\">Dva konektorja: delujeta hkrati ali lo\u010deno.<\/span><\/li>\n<\/ul>\n<p><img loading=\"lazy\" decoding=\"async\" class=\"\" src=\"https:\/\/www.art-kozmetika.com\/media\/wysiwyg\/Jan\/Diodni_laser_TrisCAM_III_ro_nik_in_aplikator.jpg\" alt=\"Diodni laser TrisCAM II nastavki\" width=\"183\" height=\"198\" data-original=\"https:\/\/www.art-kozmetika.com\/media\/wysiwyg\/Jan\/Diodni_laser_TrisCAM_III_ro_nik_in_aplikator.jpg\" \/><\/p>\n<ul>\n<li><span class=\"Y2IQFc\" lang=\"sl\">Dostopna plo\u0161\u010da: brez demonta\u017ee, enostavno vzdr\u017eevanje.<\/span><\/li>\n<\/ul>\n<p><img loading=\"lazy\" decoding=\"async\" class=\"\" src=\"https:\/\/www.art-kozmetika.com\/media\/wysiwyg\/Jan\/Diodni_laser_TrisCAM_III_plo_a.jpg\" alt=\"Dostopna plo\u0161\u010da\" width=\"156\" height=\"171\" data-original=\"https:\/\/www.art-kozmetika.com\/media\/wysiwyg\/Jan\/Diodni_laser_TrisCAM_III_plo_a.jpg\" \/><\/p>\n<ul>\n<li><span class=\"Y2IQFc\" lang=\"sl\">Analizator ko\u017ee: pomaga kozmeti\u010darki analizirati u\u010dinek zdravljenje.<\/span><\/li>\n<\/ul>\n<p><img loading=\"lazy\" decoding=\"async\" class=\"\" src=\"https:\/\/www.art-kozmetika.com\/media\/wysiwyg\/Jan\/Diodni_laser_TrisCAM_III_analizator.jpg\" alt=\"Analizator ko\u017ee\" width=\"298\" height=\"298\" data-original=\"https:\/\/www.art-kozmetika.com\/media\/wysiwyg\/Jan\/Diodni_laser_TrisCAM_III_analizator.jpg\" \/><\/p>\n<hr \/>\n<p><img loading=\"lazy\" decoding=\"async\" class=\"\" title=\"Diodni laser TrisCAM III - toni ko\u017ee\" src=\"https:\/\/www.art-kozmetika.com\/media\/wysiwyg\/Jan\/Diodni_laser_TrisCAM_III.jpg\" alt=\"Diodni laser TrisCAM III - toni ko\u017ee\" width=\"277\" height=\"179\" data-original=\"https:\/\/www.art-kozmetika.com\/media\/wysiwyg\/Jan\/Diodni_laser_TrisCAM_III.jpg\" \/><\/p>\n<p><strong>Ro\u010dniki ima mo\u017enost namestitve razli\u010dnih nastavkov dimenzije:<\/strong><\/p>\n<ul>\n<li>15 mm dol\u017eine x 15 mm \u0161irine<\/li>\n<li>15 mm\u00a0dol\u017eine\u00a0 x 20\u00a0\u0161irine mm<\/li>\n<li>15 mm dol\u017eine\u00a0x 30\u00a0\u0161irine mm<\/li>\n<li>15 mm\u00a0dol\u017eine\u00a0 x 40\u00a0\u0161irine mm<\/li>\n<\/ul>\n<p><img loading=\"lazy\" decoding=\"async\" class=\"\" src=\"https:\/\/www.art-kozmetika.com\/media\/wysiwyg\/Jan\/Diodni_laser_TrisCAM_II_nastavki.jpg\" alt=\"Diodni laser TrisCAM III nastavki\" width=\"492\" height=\"171\" data-original=\"https:\/\/www.art-kozmetika.com\/media\/wysiwyg\/Jan\/Diodni_laser_TrisCAM_II_nastavki.jpg\" \/><\/p>\n<hr \/>\n<p><img loading=\"lazy\" decoding=\"async\" class=\"\" src=\"https:\/\/www.art-kozmetika.com\/media\/wysiwyg\/Jan\/Diodni_laser_TrisCAM_III_izpsoatvljenost_laserju_-impulzi.jpg\" alt=\"Diodni laser TrisCAM III izpsoatvljenost laserju -impulzi\" width=\"311\" height=\"311\" data-original=\"https:\/\/www.art-kozmetika.com\/media\/wysiwyg\/Jan\/Diodni_laser_TrisCAM_III_izpsoatvljenost_laserju_-impulzi.jpg\" \/><\/p>\n<hr \/>\n<p>Ro\u010dniki imajo izbolj\u0161an UNT stranski LED zaslon. LCD zaslon je prijazen uporabniku, saj omogo\u010da prijazen in jasen pregled.<br \/>\nIma stranski in frontalni zaslon. Stranski zaslon je velikosti 5,3 cm, frontalni zaslon pa je velikosti 3,3 cm (barven zaslon).<\/p>\n<p>Ro\u010dniki se iz generacije v generacijo izbolj\u0161ujejo,<\/p>\n<p><strong>1. generacija:<\/strong><br \/>\nTe\u017ea: 0.4 kg<br \/>\nMo\u010d laserja: 500-800W<br \/>\nPrednosti: Vi\u0161ja kvaliteta<br \/>\nLED zaslon na dotik: NE<\/p>\n<p><strong>2.\u00a0generacija:<br \/>\n<\/strong>Te\u017ea: 0.8 kg<br \/>\nMo\u010d laserja: 500-1200W<br \/>\nPrednosti:\u00a0Vi\u0161ja kvaliteta<br \/>\nLED zaslon na dotik: DA, 6,09 cm<\/p>\n<div>\n<p><strong>3.\u00a0generacija:<br \/>\nNAJNOVEJ\u0160A!<br \/>\nTe\u017ea: samo 0.3kg<\/strong><br \/>\nMo\u010d laserja: 500-1200W<\/p>\n<p>Prednosti:\u00a0Vi\u0161ja kvaliteta, vi\u0161ja intelegenca, vi\u0161ja ekonomi\u010dnost, uporabniku bolj prijazna<br \/>\nLED zaslon na dotik: DA, 5,33 cm<\/p>\n<div>\n<p><img loading=\"lazy\" decoding=\"async\" class=\"\" src=\"https:\/\/www.art-kozmetika.com\/media\/wysiwyg\/Jan\/Diodni_laser_TrisCAM_generacije_ro_nikov_1.jpg\" alt=\"Diodni laser TrisCAM generacije ro\u010dnikov\" width=\"471\" height=\"246\" data-original=\"https:\/\/www.art-kozmetika.com\/media\/wysiwyg\/Jan\/Diodni_laser_TrisCAM_generacije_ro_nikov_1.jpg\" \/><\/p>\n<\/div>\n<hr \/>\n<p><strong><br \/>\nPrej\/potem<br \/>\n<\/strong><br \/>\n<img loading=\"lazy\" decoding=\"async\" class=\"\" title=\"Diodni laser TrisCAM III\" src=\"https:\/\/www.art-kozmetika.com\/media\/wysiwyg\/Jan\/Diodni_laser_TrisCAM_III_1.jpg\" alt=\"Diodni laser TrisCAM III prej-potem\" width=\"612\" height=\"209\" data-original=\"https:\/\/www.art-kozmetika.com\/media\/wysiwyg\/Jan\/Diodni_laser_TrisCAM_III_1.jpg\" \/><\/p>\n<hr \/>\n<p><strong>Diodna laserska tehnologija<\/strong><\/p>\n<p>XPLUS5 ponuja revolucionarno tehnologijo odstranjevanja dlak z uporabo diodnega laserja, ki omogo\u010da bolj\u0161o absorpcijo energije v dlakah, kar zagotavlja idealno re\u0161itev za naj\u0161ir\u0161i spekter tipov in barv dlak \u2013 \u0161e posebej za svetle in temne odtenke ko\u017ee. Ta podro\u010dja vklju\u010dujejo velike, kot so hrbet, lasje, noge, trebuh in prsni ko\u0161. Majhna in ob\u010dutljiva podro\u010dja so prav tako obdelana \u2013 bikini, obraz, vrat, pod pazduho itd.<\/p>\n<p><strong>Nadgrajen ro\u010dnik<\/strong><\/p>\n<p>Ro\u010dnik\u00a0<strong>UNT z LCD zaslonom,<\/strong>\u00a0enak nadzor kot stroj.\u00a0<strong>Prijazen LCD zaslon za ro\u010dnik,<\/strong>\u00a0lahko izvajalci u\u017eivajo v bolj intuitivni, uporabniku prijazni delovni izku\u0161nji.<\/p>\n<p>En ro\u010dnik\u00a0<strong>UNT,<\/strong>\u00a0opremljen s \u0161tirimi velikostmi to\u010dk, je primeren za zdravljenje celega telesa, vklju\u010dno z ve\u010djimi in manj\u0161imi predeli.<\/p>\n<p>Podpira samo identifikacijo \u010dipa za zagotovitev varnosti izhodne energije.<\/p>\n<p><strong>Pametni sistem Android<\/strong><\/p>\n<p>V informacijski dobi pametne klinike potrebujejo pametnej\u0161e stroje. Smart Clinic je ve\u010dplastna re\u0161itev, ki nudi popolno sliko va\u0161ega podjetja; ne glede na to, ali gre za eno kliniko ali verigo.<\/p>\n<p>Uporabni\u0161ko upravljanje: upravljanje strank je pametnej\u0161e. Shranjevanje podatkov o strankah in zapisi zdravljenja, zaradi \u010desar je postopek zdravljenja u\u010dinkovitej\u0161i.<\/p>\n<p>Podatkovni center pametne klinike: 13,3-pal\u010dni sistem Android vas vodi skozi vsako zdravljenje. Inteligentna izbira na podlagi spola osebe, ki se zdravi, barve ko\u017ee in delov telesa, inteligentno generiranje natan\u010dnih parametrov in \u010dasa zdravljenja.<\/p>\n<hr \/>\n<p><strong>Valovna dol\u017eina:\u00a0<\/strong>808nm \/ 808nm+755nm+1064nm<br \/>\n<strong>Mo\u010d:<\/strong>\u00a0800W \/ 1200W \/ 1500W<br \/>\n<strong>Velikost to\u010dke:<\/strong>\u00a015mm x 15mm\/15mm x 20mm\/15mm x 30mm\/15mm x 40mm<br \/>\n<strong>Velikost zaslona na ro\u010dniku:<\/strong>\u00a05,33 cm LCD zaslon na dotik + 3,02 cm zaslon<br \/>\n<strong>Velikost zaslona naprave:<\/strong>\u00a033,82 cm zaslon z Android operacijskim sistemom<br \/>\n<strong>Gostota energije:<\/strong>\u00a010-120J\/CM2<br \/>\n<strong>Frekvenca:<\/strong>\u00a01-10hz<br \/>\n<strong>Hladilni sistem:<\/strong>\u00a0Vodno hlajenje + TEC hlajenje + zra\u010dno hlajenje\u00a0 + safir + polprevodnik<br \/>\n<strong>Napajanje:\u00a0<\/strong>100-220V\/50-60Hz<br \/>\n<strong>Velikost naprave:<\/strong>\u00a045cm x 48cm x 115cm<br \/>\n<strong>Te\u017ea:<\/strong>\u00a048 kg<br \/>\n<strong>Garancija:<\/strong>\u00a01 leto z mo\u017enostjo podalj\u0161anja do 5 let<br \/>\n<strong>Garancija za ro\u010dnik:<\/strong> 2 leti ali 40 milijonov klikov<\/p>\n<\/div>\n","protected":false},"excerpt":{"rendered":"<div class=\"product attribute overview\">\n<div class=\"value\"><strong>Prednosti:<br \/>\n<\/strong>&#8211; Vrhunska tehnologija za zaznavanje ko\u017ee in dla\u010dnih foliklov, ki omogo\u010da natan\u010dno odstranjevanje.<br \/>\n&#8211; Posebna kamera s katero se naredi posnetek stanja dlak in bele\u017ei napredek pri odstranjevanju dlak.<br \/>\n&#8211; Izredno dostopna plo\u0161\u010da brez demonta\u017ee in enostavno vzdr\u017eevanje.<br \/>\n&#8211; Preprosto upravljanje naprave z 13,3-pal\u010dnim zaslonom in operacijskim sistemom Android.<br \/>\n&#8211; Izvajanje tretmajev skozi vse leto.<br \/>\n&#8211; Nebole\u010d tretma.<\/div>\n<\/div>\n<div class=\"product-info-installment-price\">\n<div class=\"price-box price-installment_price\" data-role=\"priceBox\" data-product-id=\"20770\" data-price-box=\"product-id-20770\"><\/div>\n<\/div>\n<div class=\"product-add-form\">\n<form id=\"product_addtocart_form\" action=\"https:\/\/www.art-kozmetika.com\/checkout\/cart\/add\/uenc\/aHR0cHM6Ly93d3cuYXJ0LWtvem1ldGlrYS5jb20vZGlvZG5pLWxhc2VyLXRyaXNjYW0taWlp\/product\/20770\/\" method=\"post\" novalidate=\"novalidate\" data-product-sku=\"XPLUS5SPREMEMBA\">\n<div class=\"box-tocart \">\n<div class=\"fieldset\">\n<div class=\"field qty\">\n<div class=\"control qty-controls-wrap\"><\/div>\n<\/div>\n<\/div>\n<\/div>\n<\/form>\n<\/div>\n","protected":false},"featured_media":5356,"template":"","meta":[],"product_brand":[],"product_cat":[95],"product_tag":[341],"class_list":{"0":"post-5183","1":"product","2":"type-product","3":"status-publish","4":"has-post-thumbnail","6":"product_cat-naprave-za-trajno-odstranjevanje-dlak","7":"product_tag-triscam-iii","9":"first","10":"instock","11":"taxable","12":"shipping-taxable","13":"product-type-simple"},"_links":{"self":[{"href":"https:\/\/www.eliteiplrf.com\/en\/wp-json\/wp\/v2\/product\/5183","targetHints":{"allow":["GET"]}}],"collection":[{"href":"https:\/\/www.eliteiplrf.com\/en\/wp-json\/wp\/v2\/product"}],"about":[{"href":"https:\/\/www.eliteiplrf.com\/en\/wp-json\/wp\/v2\/types\/product"}],"wp:featuredmedia":[{"embeddable":true,"href":"https:\/\/www.eliteiplrf.com\/en\/wp-json\/wp\/v2\/media\/5356"}],"wp:attachment":[{"href":"https:\/\/www.eliteiplrf.com\/en\/wp-json\/wp\/v2\/media?parent=5183"}],"wp:term":[{"taxonomy":"product_brand","embeddable":true,"href":"https:\/\/www.eliteiplrf.com\/en\/wp-json\/wp\/v2\/product_brand?post=5183"},{"taxonomy":"product_cat","embeddable":true,"href":"https:\/\/www.eliteiplrf.com\/en\/wp-json\/wp\/v2\/product_cat?post=5183"},{"taxonomy":"product_tag","embeddable":true,"href":"https:\/\/www.eliteiplrf.com\/en\/wp-json\/wp\/v2\/product_tag?post=5183"}],"curies":[{"name":"wp","href":"https:\/\/api.w.org\/{rel}","templated":true}]}}