{"id":5169,"date":"2023-08-08T12:46:53","date_gmt":"2023-08-08T12:46:53","guid":{"rendered":"https:\/\/www.eliteiplrf.com\/?post_type=product&#038;p=5169"},"modified":"2024-11-12T13:43:18","modified_gmt":"2024-11-12T13:43:18","slug":"diodni-laser-triscam-ii","status":"publish","type":"product","link":"https:\/\/www.eliteiplrf.com\/en\/beauty-machine\/diodni-laser-triscam-ii\/","title":{"rendered":"Diodni laser TrisCAM II"},"content":{"rendered":"<p>\u010ce i\u0161\u010dete napravo za trajno in nebole\u010de odstranjevanje dlak pod pazduho, po telesu, na bikini predelu in nad ustnico &#8211; s katerim lahko izvajate tretmaje skozi vso leto &#8211; potem ste jo na\u0161li &#8211; to je\u00a0<strong>Diodni laser TrisCAM II<\/strong>!<\/p>\n<p>Primeren za vse tipe ko\u017ee in dlak.<\/p>\n<p>Strankam je v\u0161e\u010d, ker lahko zelo jasno vidijo napredek pri odstranjevanju dlak &#8211; saj ima TrisCAM kamero, ki tretiran predel poslika z do 200 kratno pove\u010davo; podatke pa shrani ali po\u0161lje slike stranki preko e-maila.<\/p>\n<ul>\n<li><span class=\"Y2IQFc\" lang=\"sl\">13,3-pal\u010dni zaslon Android: prijazen in funkcionalen.<\/span><\/li>\n<\/ul>\n<p><img loading=\"lazy\" decoding=\"async\" class=\"\" src=\"https:\/\/www.art-kozmetika.com\/media\/wysiwyg\/Jan\/Analizator_ko_e.jpg\" alt=\"Analizator ko\u017ee\" width=\"353\" height=\"201\" data-original=\"https:\/\/www.art-kozmetika.com\/media\/wysiwyg\/Jan\/Analizator_ko_e.jpg\" \/><\/p>\n<ul>\n<li><span class=\"Y2IQFc\" lang=\"sl\">Dva konektorja: delujeta hkrati ali lo\u010deno.<\/span><\/li>\n<\/ul>\n<p><img loading=\"lazy\" decoding=\"async\" class=\"\" src=\"https:\/\/www.art-kozmetika.com\/media\/wysiwyg\/Jan\/Diodni_laser_TrisCAM_II_aplikator.jpg\" alt=\"Diodni laser TrisCAM II! aplikator\" width=\"204\" height=\"242\" data-original=\"https:\/\/www.art-kozmetika.com\/media\/wysiwyg\/Jan\/Diodni_laser_TrisCAM_II_aplikator.jpg\" \/><\/p>\n<ul>\n<li><span class=\"Y2IQFc\" lang=\"sl\">Dostopna plo\u0161\u010da: brez demonta\u017ee, enostavno vzdr\u017eevanje.<\/span><\/li>\n<\/ul>\n<ul>\n<li><span class=\"Y2IQFc\" lang=\"sl\">Analizator ko\u017ee: pomaga kozmeti\u010darki analizirati u\u010dinek zdravljenje.<\/span><\/li>\n<\/ul>\n<p><img loading=\"lazy\" decoding=\"async\" class=\"\" src=\"https:\/\/www.art-kozmetika.com\/media\/wysiwyg\/Jan\/Diodni_laser_TrisCAM_II_analiza_ko_e.png\" alt=\"Analizator ko\u017ee\" width=\"375\" height=\"217\" data-original=\"https:\/\/www.art-kozmetika.com\/media\/wysiwyg\/Jan\/Diodni_laser_TrisCAM_II_analiza_ko_e.png\" \/><\/p>\n<hr \/>\n<p><img loading=\"lazy\" decoding=\"async\" class=\"\" title=\"Diodni laser TrisCAM III - toni ko\u017ee\" src=\"https:\/\/www.art-kozmetika.com\/media\/wysiwyg\/Jan\/Diodni_laser_TrisCAM_III.jpg\" alt=\"Diodni laser TrisCAM III - toni ko\u017ee\" width=\"277\" height=\"179\" data-original=\"https:\/\/www.art-kozmetika.com\/media\/wysiwyg\/Jan\/Diodni_laser_TrisCAM_III.jpg\" \/><\/p>\n<p><strong>Ro\u010dniki ima mo\u017enost namestitve razli\u010dnh nastavkov dimenzije:<\/strong><\/p>\n<ul>\n<li>15 mm dol\u017eine x 15 mm \u0161irine<\/li>\n<li>15 mm\u00a0dol\u017eine\u00a0 x 20\u00a0\u0161irine mm<\/li>\n<li>15 mm dol\u017eine\u00a0x 30\u00a0\u0161irine mm<\/li>\n<li>15 mm\u00a0dol\u017eine\u00a0 x 40\u00a0\u0161irine mm<\/li>\n<\/ul>\n<p>Ro\u010dniki imajo izbolj\u0161an UNT stranski LED zaslon. LCD zaslon je prijazen uporabniku, saj omogo\u010da prijazen in jasen pregled.<br \/>\nIma stranski in frontalni zaslon. Stranski zaslon je velikosti 5,3 cm, frontalni zaslon pa je velikosti 3,3 cm (barven zaslon).<\/p>\n<p>Ro\u010dniki se iz generacije v generacijo izbolj\u0161ujejo,<\/p>\n<p><strong>1. generacija:<\/strong><br \/>\nTe\u017ea: 0.4 kg<br \/>\nMo\u010d laserja: 500-800W<br \/>\nPrednosti: Vi\u0161ja kvaliteta<br \/>\nLED zaslon na dotik: NE<\/p>\n<p><strong>2.\u00a0generacija:<br \/>\n<\/strong>Te\u017ea: 0.8 kg<br \/>\nMo\u010d laserja: 500-1200W<br \/>\nPrednosti:\u00a0Vi\u0161ja kvaliteta<br \/>\nLED zaslon na dotik: DA, 6,09 cm<\/p>\n<div>\n<p><strong>3.\u00a0generacija:<br \/>\nNAJNOVEJ\u0160A!<br \/>\nTe\u017ea: samo 0.3kg<\/strong><br \/>\nMo\u010d laserja: 500-1200W<br \/>\nPrednosti:\u00a0Vi\u0161ja kvaliteta, vi\u0161ja intelegenca, vi\u0161ja ekonomi\u010dnost, uporabniku bolj prijazna<br \/>\nLED zaslon na dotik: DA, 5,33 cm<\/p>\n<p><img loading=\"lazy\" decoding=\"async\" class=\"\" src=\"https:\/\/www.art-kozmetika.com\/media\/wysiwyg\/Jan\/Diodni_laser_TrisCAM_generacije_ro_nikov_1.jpg\" alt=\"Diodni laser TrisCAM generacije ro\u010dnikov\" width=\"466\" height=\"243\" data-original=\"https:\/\/www.art-kozmetika.com\/media\/wysiwyg\/Jan\/Diodni_laser_TrisCAM_generacije_ro_nikov_1.jpg\" \/><\/p>\n<hr \/>\n<p><img loading=\"lazy\" decoding=\"async\" class=\"\" src=\"https:\/\/www.art-kozmetika.com\/media\/wysiwyg\/Jan\/Diodni_laser_TrisCAM_II_prikaz.jpg\" alt=\"Diodni laser TrisCAM II prikaz delovanja aplikatorja\" width=\"611\" height=\"611\" data-original=\"https:\/\/www.art-kozmetika.com\/media\/wysiwyg\/Jan\/Diodni_laser_TrisCAM_II_prikaz.jpg\" \/><\/p>\n<hr \/>\n<p><img loading=\"lazy\" decoding=\"async\" class=\"\" src=\"https:\/\/www.art-kozmetika.com\/media\/wysiwyg\/Jan\/Diodni_laser_TrisCAM_II_nastavki.jpg\" alt=\"Diodni laser TrisCAM II nastavki\" width=\"581\" height=\"204\" data-original=\"https:\/\/www.art-kozmetika.com\/media\/wysiwyg\/Jan\/Diodni_laser_TrisCAM_II_nastavki.jpg\" \/><\/p>\n<div>\n<p>Opti\u010dna zasnova sistema za oblikovanje \u017earka Z uporabo opti\u010dne poti diodnega laserja, vklju\u010dno z oblikovanjem \u017earka, kolimacijo, fokusom itd., je bilo implementiranih ve\u010d vrst to\u010dkovnih izhodov razli\u010dnih velikosti.<\/p>\n<\/div>\n<hr \/>\n<p><strong><br \/>\nPrej\/potem<br \/>\n<\/strong><br \/>\n<img loading=\"lazy\" decoding=\"async\" class=\"\" title=\"Diodni laser TrisCAM III\" src=\"https:\/\/www.art-kozmetika.com\/media\/wysiwyg\/Jan\/Diodni_laser_TrisCAM_III_1.jpg\" alt=\"Diodni laser TrisCAM III prej-potem\" width=\"612\" height=\"209\" data-original=\"https:\/\/www.art-kozmetika.com\/media\/wysiwyg\/Jan\/Diodni_laser_TrisCAM_III_1.jpg\" \/><\/p>\n<hr \/>\n<p><strong>Pametni sistem Android<\/strong><\/p>\n<p>V informacijski dobi pametne klinike in saloni potrebujejo pametnej\u0161e stroje. Smart Clinic je ve\u010dplastna re\u0161itev, ki vam omogo\u010da razvoj va\u0161e dejavnosti.<\/p>\n<p><img loading=\"lazy\" decoding=\"async\" class=\"\" src=\"https:\/\/www.art-kozmetika.com\/media\/wysiwyg\/Jan\/Diodni_laser_TrisCAM_II.jpg\" alt=\"Diodni laser TrisCAM II\" width=\"610\" height=\"610\" data-original=\"https:\/\/www.art-kozmetika.com\/media\/wysiwyg\/Jan\/Diodni_laser_TrisCAM_II.jpg\" \/><br \/>\n<img loading=\"lazy\" decoding=\"async\" class=\"\" src=\"https:\/\/www.art-kozmetika.com\/media\/wysiwyg\/Jan\/Diodni_laser_TrisCAM_delovanje_in_izbira_tipov_ko_e.jpg\" width=\"613\" height=\"613\" data-original=\"https:\/\/www.art-kozmetika.com\/media\/wysiwyg\/Jan\/Diodni_laser_TrisCAM_delovanje_in_izbira_tipov_ko_e.jpg\" \/><\/p>\n<p><strong>Uporabni\u0161ko upravljanje<\/strong><\/p>\n<p>Upravljanje va\u0161ih strank je sedaj pametnej\u0161e.\u00a0<strong>Omogo\u010da shranjevanje podatkov o va\u0161ih strankah in zapisih zdravljenja, zaradi \u010desar je postopek zdravljenja u\u010dinkovitej\u0161i.<\/strong><\/p>\n<p><strong>Podatkovni center<\/strong><\/p>\n<p>13,3-pal\u010dni sistem Android vas vodi skozi vsako zdravljenje posebej. Inteligentna izbira na podlagi spola osebe, ki se zdravi, barve ko\u017ee in delov telesa, inteligentno generiranje natan\u010dnih parametrov in \u010dasa zdravljenja.<\/p>\n<p><strong>Sistem omogo\u010da neposredno povezano z internetom<\/strong>, nudi celostno pomo\u010d pri uporabi ter sistem posodabljanja.<\/p>\n<hr \/>\n<p><strong>Valovna dol\u017eina:\u00a0<\/strong>808nm \/ 808nm+755nm+1064nm<br \/>\n<strong>Mo\u010d:<\/strong>\u00a0800W \/ 1200W \/ 1500W<br \/>\n<strong>Velikost to\u010dke:<\/strong>\u00a015mm x 15mm\/15mm x 20mm\/15mm x 30mm\/15mm x 40mm<br \/>\n<strong>Velikost zaslona na ro\u010dniku:<\/strong>\u00a05,33 cm LCD zaslon na dotik + 3,02 cm zaslon<br \/>\n<strong>Velikost zaslona naprave:<\/strong>\u00a033,82 cm zaslon z Android operacijskim sistemom<br \/>\n<strong>Gostota energije:<\/strong>\u00a010-120J\/CM2<br \/>\n<strong>Frekvenca:<\/strong>\u00a01-10hz<br \/>\n<strong>Trajanje:<\/strong>\u00a010-300 ms<br \/>\n<strong>Te\u017ea:<\/strong>\u00a075 kg<br \/>\n<strong>Garancija:<\/strong>\u00a01 leto z mo\u017enostjo podalj\u0161anja do 5 let<br \/>\n<strong>Garancija za ro\u010dnik:<\/strong> 2 leti ali 40 milijonov klikov<\/p>\n<\/div>\n","protected":false},"excerpt":{"rendered":"<p><strong>Prednosti:<br \/>\n<\/strong>&#8211; Vrhunska tehnologija za zaznavanje ko\u017ee in dla\u010dnih foliklov, ki omogo\u010da natan\u010dno odstranjevanje.<br \/>\n&#8211; Posebna kamera s katero se naredi posnetek stanja dlak in bele\u017ei napredek pri odstranjevanju dlak.<br \/>\n&#8211; Izredno dostopna plo\u0161\u010da brez demonta\u017ee in enostavno vzdr\u017eevanje.<br \/>\n&#8211; Preprosto upravljanje naprave z 13,3-pal\u010dnim zaslonom in operacijskim sistemom Android.<br \/>\n&#8211; Izvajanje tretmajev skozi vse leto.<br \/>\n<strong>&#8211; Dvojni aktivni hladilni sistem TEC omogo\u010da 24 ur neprekinjenega dela!<br \/>\n<\/strong>&#8211; Tehnologija prilagajanja krivulje za zagotavljanje natan\u010dne energije z napako\u00a0&lt;15%.<br \/>\n<strong>&#8211; Nebole\u010d tretma.<\/strong><\/p>\n","protected":false},"featured_media":5353,"template":"","meta":[],"product_brand":[],"product_cat":[95],"product_tag":[340],"class_list":{"0":"post-5169","1":"product","2":"type-product","3":"status-publish","4":"has-post-thumbnail","6":"product_cat-naprave-za-trajno-odstranjevanje-dlak","7":"product_tag-triscam-ii","9":"first","10":"instock","11":"taxable","12":"shipping-taxable","13":"product-type-simple"},"_links":{"self":[{"href":"https:\/\/www.eliteiplrf.com\/en\/wp-json\/wp\/v2\/product\/5169","targetHints":{"allow":["GET"]}}],"collection":[{"href":"https:\/\/www.eliteiplrf.com\/en\/wp-json\/wp\/v2\/product"}],"about":[{"href":"https:\/\/www.eliteiplrf.com\/en\/wp-json\/wp\/v2\/types\/product"}],"wp:featuredmedia":[{"embeddable":true,"href":"https:\/\/www.eliteiplrf.com\/en\/wp-json\/wp\/v2\/media\/5353"}],"wp:attachment":[{"href":"https:\/\/www.eliteiplrf.com\/en\/wp-json\/wp\/v2\/media?parent=5169"}],"wp:term":[{"taxonomy":"product_brand","embeddable":true,"href":"https:\/\/www.eliteiplrf.com\/en\/wp-json\/wp\/v2\/product_brand?post=5169"},{"taxonomy":"product_cat","embeddable":true,"href":"https:\/\/www.eliteiplrf.com\/en\/wp-json\/wp\/v2\/product_cat?post=5169"},{"taxonomy":"product_tag","embeddable":true,"href":"https:\/\/www.eliteiplrf.com\/en\/wp-json\/wp\/v2\/product_tag?post=5169"}],"curies":[{"name":"wp","href":"https:\/\/api.w.org\/{rel}","templated":true}]}}