{"id":5143,"date":"2023-08-08T12:35:27","date_gmt":"2023-08-08T12:35:27","guid":{"rendered":"https:\/\/www.eliteiplrf.com\/?post_type=product&#038;p=5143"},"modified":"2023-08-08T13:01:21","modified_gmt":"2023-08-08T13:01:21","slug":"teslaart-clinic-ems-rf-bmi","status":"publish","type":"product","link":"https:\/\/www.eliteiplrf.com\/en\/beauty-machine\/teslaart-clinic-ems-rf-bmi\/","title":{"rendered":"TeslaART Clinic EMS-RF-BMI"},"content":{"rendered":"<p>TeslaART Clinic EMS-RF-BMI je<strong>\u00a0izjemno u\u010dinkovit stimulator mi\u0161ic za huj\u0161anje in oblikovanje postave<\/strong>.<\/p>\n<p>Kar ga lo\u010di od drugih podobnih naprav &#8211; je posebna tehtnica, ki ne bele\u017ei le kilogramov, ampak tudi dele\u017e ma\u0161\u010dobe, mi\u0161ic in vode v telesu &#8211; in na podlagi vseh teh parametrov\u00a0<strong>naprava sama predlaga na\u010din tretmaja, ki daje najbolj\u0161e rezultate<\/strong>. Stranke imajo tako tudi poglobljen vpogled v njihov napredek po tretmajih z napravo TeslaART Clinic. Naprava je tudi\u00a0<strong>mo\u010dnej\u0161a kot ostale &#8211; zaradi \u010desar so tudi rezultati bolj\u0161i<\/strong>. Za \u0161e ve\u010dji u\u010dinek pa ima tudi dodatno tehnologijo &#8211;\u00a0<strong>radiofekvenco<\/strong>, \u010desar ostale podobne naprave nimajo.<\/p>\n<hr \/>\n<h6>Katero tehnologijo uporablja\u00a0TeslaART Clinic EMS-RF-BMI?<\/h6>\n<p>Elektromagnetni stimulator uporablja najnaprednej\u0161o<strong>\u00a0HIFEM tehnologijo fokusiranih magnetnih vibracij visoke intenzivnosti<\/strong>, ki deluje na globini 8 cm.<strong>\u00a0Neinvazivno in u\u010dinkovito pove\u010duje mi\u0161i\u010dno maso<\/strong>\u00a0ter posledi\u010dno omogo\u010da mo\u010dno lipolizo ma\u0161\u010dobnih celic. Novost je RF tehnologija, ki je programsko intervalno vklju\u010dena v ciklus delovanja, omogo\u010da\u00a0<strong>hitrej\u0161e globinsko ogrevanje mi\u0161ic na za\u010detku<\/strong>\u00a0ter ponovno\u00a0<strong>na koncu tretmaja za dodatno topljenje ma\u0161\u010dobnih celic<\/strong>.<\/p>\n<p><strong>HIFEM<\/strong>\u00a0(Visoko-intenzivni fokusirani elektromagnetni valovi) in\u00a0<strong>EMS<\/strong>\u00a0(Elektri\u010dna mi\u0161i\u010dna stimulacija) sta dve razli\u010dni tehnologiji, ki se uporabljata za pove\u010danje mi\u0161i\u010dne mase in mo\u010di, vendar delujeta na razli\u010dne na\u010dine.<\/p>\n<p>HIFEM tehnologija uporablja visoko-intenzivne fokusirane elektromagnetne valove za stimulacijo mi\u0161ic. Ta tehnologija se uporablja v napravah, kot je EMSCULPT, ki uporabljajo elektromagnetno energijo za spro\u017eanje mo\u010dnih mi\u0161i\u010dnih kr\u010denj v ciljnih obmo\u010djih.\u00a0<strong>HIFEM se ve\u010dinoma uporablja za pove\u010danje mi\u0161i\u010dne mase in definicijo.<\/strong><\/p>\n<p>Po drugi strani pa\u00a0<strong>EMS tehnologija uporablja elektri\u010dne impulze za stimulacijo mi\u0161ic<\/strong>. Ta tehnologija se uporablja v napravah, kot so TENS (Transkutana elektri\u010dna \u017eiv\u010dna stimulacija) za laj\u0161anje bole\u010din in NMES (Neuromuskularna elektri\u010dna stimulacija) za izbolj\u0161anje mi\u0161i\u010dne funkcije.\u00a0<strong>EMS se ve\u010dinoma uporablja za rehabilitacijo mi\u0161ic po po\u0161kodbah, za izbolj\u0161anje razpona gibanja in krepitev mi\u0161ic, ter za zmanj\u0161anje bole\u010din<\/strong>.<\/p>\n<p><strong>\u0106eprav obe tehnologiji uporabljata elektri\u010dne impulze, se HIFEM osredoto\u010da na pove\u010danje mi\u0161i\u010dne mase in definicijo, EMS pa se uporablja za rehabilitacijo mi\u0161ic in laj\u0161anje bole\u010din.<\/strong><\/p>\n<hr size=\"3\" width=\"3\" \/>\n<hr \/>\n<h6>Za kaj vse uporabljamo napravo TeslaART Clinic EMS-RF-BMI?<\/h6>\n<ul>\n<li><strong>Za gradnjo mi\u0161ic.<\/strong><br \/>\nV povpre\u010dju se je<strong>\u00a0mi\u0161i\u010dna masa pove\u010dala za 16%<\/strong>.<br \/>\nPovpre\u010dno<strong>\u00a0izbolj\u0161anje trebu\u0161nih mi\u0161ic je bilo 11%<\/strong>.<\/li>\n<li>Za\u00a0<strong>izgorevanje ma\u0161\u010dob, huj\u0161anje in lifting zadnjice<\/strong>.<\/li>\n<li>Prilo\u017eena podloga se uporablja se pri\u00a0<strong>stresni urinski inkontinenci<\/strong>, spodbuja\u00a0<strong>poporodneo okrevanje<\/strong>,\u00a0<strong>pove\u010duje debelino vaginalne stene<\/strong>\u00a0in\u00a0<strong>pripomore k<\/strong>\u00a0<strong>vla\u017eenju po menopavzi<\/strong>.<\/li>\n<\/ul>\n<hr size=\"3\" width=\"3\" \/>\n<hr \/>\n<h6>Prej\/potem<\/h6>\n<p><img loading=\"lazy\" decoding=\"async\" class=\"\" title=\"prej - potem\" src=\"https:\/\/www.art-kozmetika.com\/media\/wysiwyg\/teslaart-clinic-prejpotem.jpg\" alt=\"prej - potem\" width=\"590\" height=\"491\" data-original=\"https:\/\/www.art-kozmetika.com\/media\/wysiwyg\/teslaart-clinic-prejpotem.jpg\" \/><\/p>\n<p><img loading=\"lazy\" decoding=\"async\" class=\"\" title=\"zaslon - prej-potem\" src=\"https:\/\/www.art-kozmetika.com\/media\/wysiwyg\/prej-potem.jpg\" alt=\"zaslon - prej-potem\" width=\"590\" height=\"477\" data-original=\"https:\/\/www.art-kozmetika.com\/media\/wysiwyg\/prej-potem.jpg\" \/><\/p>\n<hr width=\"3\" \/>\n<hr size=\"3\" width=\"3\" \/>\n<hr \/>\n<h6>Prednosti tehnologije TeslaART Clinic za oblikovanje telesa:<\/h6>\n<ul>\n<li>4 posebej zasnovani aplikatorji &#8211;\u00a0<strong>2 ve\u010dja in dva manj\u0161a<\/strong>, ki jih lahko izberete glede na tretiran del.<\/li>\n<li>Vsak aplikator ima tako\u00a0<strong>RF<\/strong>\u00a0in\u00a0<strong>EMS<\/strong>\u00a0tehnologijo.<\/li>\n<li>Analizator sestave telesa (tehtnica) je povezana z napravo preko bluetootha.\u00a0<strong>Bele\u017ei in analizira podatke\u00a0kot so te\u017ea, dele\u017e ma\u0161\u010dobe in mi\u0161i\u010dne mase, indeks BMI, odstotek telesne ma\u0161\u010dobe pred in po tretmaju<\/strong>.<\/li>\n<li>Eleganten zaslon na dotik s\u00a0<strong>sistemom Android<\/strong>\u00a0&#8211; zato je upravljanje podobno preprosto kot na mobitelu.<\/li>\n<li>Poseben\u00a0<strong>analizator za merjenje telesne ma\u0161\u010dobe, vode v telesu in ostalih telestnih parametrov.<\/strong><\/li>\n<\/ul>\n<p><img loading=\"lazy\" decoding=\"async\" class=\"\" title=\"aplikatorji\" src=\"https:\/\/www.art-kozmetika.com\/media\/wysiwyg\/teslart-aplikatorji_1.jpg\" alt=\"aplikatorji\" width=\"669\" height=\"611\" data-original=\"https:\/\/www.art-kozmetika.com\/media\/wysiwyg\/teslart-aplikatorji_1.jpg\" \/><\/p>\n<p><img loading=\"lazy\" decoding=\"async\" class=\"\" title=\"EMS in RF\" src=\"https:\/\/www.art-kozmetika.com\/media\/wysiwyg\/ems-rf.jpg\" alt=\"EMS in RF\" width=\"449\" height=\"552\" data-original=\"https:\/\/www.art-kozmetika.com\/media\/wysiwyg\/ems-rf.jpg\" \/><\/p>\n<h6><\/h6>\n<hr size=\"3\" width=\"3\" \/>\n<hr \/>\n<h6>Kaj pomeni kratica EMS?<\/h6>\n<p>Elektromagnetna stimulacija (ang. Electrical Muscle Stimulation) &#8211; gre za terapevtsko metodo, ki temelji na uporabi elektromagnetnih impulzov za stimulacijo mi\u0161i\u010dnih vlaken. Uporablja se za pove\u010danje mi\u0161i\u010dne mo\u010di, izbolj\u0161anje krvnega obtoka in sprostitev napetosti v mi\u0161icah.<\/p>\n<h6>Kaj pomeni kratica HIFEM?<\/h6>\n<p>Kratica HIFEM pomeni &#8220;High-Intensity Focused Electromagnetic&#8221;, kar bi v sloven\u0161\u010dino lahko prevedli kot &#8220;visoko-intenzivni fokusirani elektromagnetni valovi&#8221;. Gre za tehnologijo, ki se uporablja za stimulacijo mi\u0161ic s pomo\u010djo elektromagnetne energije.<\/p>\n<h6>Kaj pomeni kratica RF?<\/h6>\n<p>RF je kratica za radiofrekvenco. To je nekirur\u0161ka tehnologija za zategovanje ko\u017ee,\u00a0zmanj\u0161anje celulita\u00a0in zmanj\u0161evanje gub. Gre za postopek, pri katerem se uporabljajo visokofrekven\u010dni elektri\u010dni tokovi za ogrevanje globljih plasti ko\u017ee, kar povzro\u010di stimulacijo kolagenskih vlaken in spodbuja obnovo ko\u017ee &#8211; spodbudi se proizvodnja kolagena in elastina.<\/p>\n<p>Ker postopek ne zahteva nobene kirur\u0161ke intervencije ali injekcij, je zelo priljubljen kot nekirur\u0161ki postopek pomlajevanja.<\/p>\n<p>Kaj pomeni kratica BMI?<\/p>\n<p>BMI (angle\u0161ko Body Mass Index) ali indeks telesne mase je metoda za ocenjevanje telesne mase, ki se izra\u010duna iz razmerja med telesno maso in kvadratom vi\u0161ine osebe. Uporablja se kot preprost in poceni na\u010din za oceno, ali ima oseba zdravo telesno maso glede na svojo vi\u0161ino.<\/p>\n<p>BMI se izra\u010duna tako, da se telesna masa (v kilogramih) deli s kvadratom vi\u0161ine (v metrih). Na primer, \u010de ima oseba telesno maso 70 kg in vi\u0161ino 1,75 m, se njihov BMI izra\u010duna kot 70 \/ (1,75 x 1,75) = 22,9.<\/p>\n<p>Vendar pa ima BMI tudi nekatere omejitve in ni vedno najbolj natan\u010den kazalnik zdravja. Na primer, pri ljudeh z veliko mi\u0161i\u010dne mase lahko njihov BMI ka\u017ee na debelost, kljub temu da imajo zdravo raven ma\u0161\u010dobe v telesu. Poleg tega pa lahko pri nekaterih ljudeh, kot so starej\u0161i ljudje in nose\u010dnice, BMI ne ka\u017ee natan\u010dne slike njihovega zdravja.<\/p>\n<hr size=\"3\" width=\"3\" \/>\n<hr \/>\n<h6>Tehni\u010dne karakteristike TeslaART Clinic<\/h6>\n<p><strong>Elektri\u010dna mo\u010d:<\/strong>\u00a04500 W<br \/>\n<strong>RF mo\u010d:<\/strong>\u00a05 Mhz<br \/>\n<strong>Izhodna frekvenca:<\/strong>\u00a010-90 Hz<br \/>\n<strong>Trajanje impulza:<\/strong>\u00a0250 \u00b5s<br \/>\n<strong>Napetost:<\/strong> 110 V\/220 V<\/p>\n","protected":false},"excerpt":{"rendered":"<div class=\"product attribute overview\">\n<div class=\"value\">Prednosti:<br \/>\n&#8211; Poleg tehnologije EMS, vsi aplikatorji vsebujejo tudi radiofrekvenco.<br \/>\n&#8211; Vsem dobro poznan Android sistem za upravljanje naprave.<br \/>\n&#8211; Poseben analizator za merjenje telesne ma\u0161\u010dobe, vode v telesu in ostalih telesnih lastnosti &#8211; mo\u017enost po\u0161iljanja meritev na strankin e-mail.<br \/>\n&#8211; Podloga za izvajanje vaj za medeni\u010dno dno.<\/div>\n<\/div>\n<div class=\"product-info-installment-price\"><\/div>\n<div class=\"product-add-form\">\n<form id=\"product_addtocart_form\" action=\"https:\/\/www.art-kozmetika.com\/checkout\/cart\/add\/uenc\/aHR0cHM6Ly93d3cuYXJ0LWtvem1ldGlrYS5jb20vdGVzbGFhcnQtY2xpbmljLWVtcy1yZi1ibWk%2C\/product\/20734\/\" method=\"post\" novalidate=\"novalidate\" data-product-sku=\"HI-BODYMAX2+SPREMEMBA\">\n<div class=\"box-tocart \">\n<div class=\"fieldset\">\n<div class=\"actions\">\n<div class=\"box-tocart\">\n<div class=\"fieldset\">\n<div class=\"callforprice_text actions\"><\/div>\n<\/div>\n<\/div>\n<\/div>\n<\/div>\n<\/div>\n<\/form>\n<\/div>\n","protected":false},"featured_media":5144,"template":"","meta":[],"product_brand":[],"product_cat":[97],"product_tag":[342],"class_list":{"0":"post-5143","1":"product","2":"type-product","3":"status-publish","4":"has-post-thumbnail","6":"product_cat-naprave-za-oblikovanje-telesa","7":"product_tag-teslaart-clinic-ems-rf-bmi","9":"first","10":"instock","11":"taxable","12":"shipping-taxable","13":"product-type-simple"},"_links":{"self":[{"href":"https:\/\/www.eliteiplrf.com\/en\/wp-json\/wp\/v2\/product\/5143","targetHints":{"allow":["GET"]}}],"collection":[{"href":"https:\/\/www.eliteiplrf.com\/en\/wp-json\/wp\/v2\/product"}],"about":[{"href":"https:\/\/www.eliteiplrf.com\/en\/wp-json\/wp\/v2\/types\/product"}],"wp:featuredmedia":[{"embeddable":true,"href":"https:\/\/www.eliteiplrf.com\/en\/wp-json\/wp\/v2\/media\/5144"}],"wp:attachment":[{"href":"https:\/\/www.eliteiplrf.com\/en\/wp-json\/wp\/v2\/media?parent=5143"}],"wp:term":[{"taxonomy":"product_brand","embeddable":true,"href":"https:\/\/www.eliteiplrf.com\/en\/wp-json\/wp\/v2\/product_brand?post=5143"},{"taxonomy":"product_cat","embeddable":true,"href":"https:\/\/www.eliteiplrf.com\/en\/wp-json\/wp\/v2\/product_cat?post=5143"},{"taxonomy":"product_tag","embeddable":true,"href":"https:\/\/www.eliteiplrf.com\/en\/wp-json\/wp\/v2\/product_tag?post=5143"}],"curies":[{"name":"wp","href":"https:\/\/api.w.org\/{rel}","templated":true}]}}