{"id":5130,"date":"2023-08-08T12:21:18","date_gmt":"2023-08-08T12:21:18","guid":{"rendered":"https:\/\/www.eliteiplrf.com\/?post_type=product&#038;p=5130"},"modified":"2023-08-08T12:55:57","modified_gmt":"2023-08-08T12:55:57","slug":"velashaper-art","status":"publish","type":"product","link":"https:\/\/www.eliteiplrf.com\/en\/beauty-machine\/velashaper-art\/","title":{"rendered":"VelaShaper &#8211; ART"},"content":{"rendered":"<p>Tehnologija MuseShape zdru\u017euje infrarde\u010do svetlobo, bipolarno radiofrekven\u010dno energijo in vakuum, ki povzro\u010di globoko segrevanje ma\u0161\u010dobnih celic, vezivnega tkiva, ki jih obdaja, in spodnjih dermalnih kolagenskih vlaken.Ta vrsta u\u010dinkovitega ogrevanja in vakuuma spodbuja rast novega in bolj\u0161ega kolagena in elastina, kar ima za posledico lokalno zmanj\u0161anje ohlapnosti ko\u017ee, obseg telesa ter splo\u0161no izbolj\u0161anje strukture in teksture ko\u017ee.<\/p>\n<p>&nbsp;<\/p>\n<p>1. Popolnoma neinvaziven poseg &#8220;Museshape&#8221;<\/p>\n<p>2. Spektakularni rezultati pri oblikovanju telesa in zategovanju ko\u017ee<\/p>\n<p>3. \u00bbMuseshape\u00ab dosega neprimerljive rezultate pri zmanj\u0161evanju obsega in zategovanju ko\u017ee na trebuhu, pasu, stegnih ali zadnjici<\/p>\n<p id=\"VH8X7TM\">4.\u00a0<strong>5 Tehnologij v 1 sistemu: vakuum + RF + valj + 940 nm IR + dvojna vakuumska kavitacija.<\/strong><\/p>\n<p>&nbsp;<\/p>\n<p><strong>Tehnologije:<\/strong><\/p>\n<p><strong>1. Vakuum &#8211; redna vakuumska masa\u017ea lahko spodbuja odtok limfe in zmanj\u0161a koli\u010dino ma\u0161\u010dobnih celic<\/strong><\/p>\n<p><strong>2. RF &#8211; RF spodbuja mikrocirkulacijo krvi, krepi limfni sistem, pospe\u0161uje presnovo ma\u0161\u010dob<\/strong><\/p>\n<p><strong>3. Roller &#8211; Roler masa\u017ea \u0161tirih na\u010dinov, razbija ma\u0161\u010dobno vezivno tkivo<\/strong><\/p>\n<p><strong>4. IR &#8211; Pove\u010da raven kisika v telesu<\/strong><\/p>\n<p><strong>5. Kavitacija &#8211; Ultrazvo\u010dna kavitacija ali ultrazvo\u010dna kavitacija je kozmeti\u010dni postopek, ki se uporablja za razbijanje ma\u0161\u010dobnih oblog v telesu<\/strong><\/p>\n<p>&nbsp;<\/p>\n<p><strong>lavne prednosti terapije z Velashaper-ART I so:<br \/>\n<\/strong>1.\u00a0<strong>Zagotovljeni u\u010dinek.<\/strong>\u00a0Tehnologija MuseShape je v uporabi \u017ee ve\u010d kot 10 let in v tem obdobju je bilo po svetu narejenih ve\u010d kot 5 milijonov terapij. Delovanje in u\u010dinkovitost sta opisani in dokazani v najve\u010djem \u0161tevilu klini\u010dnih \u0161tudij izmed vseh naprav za oblikovanje telesa. VelaShape\u00ae III zato velja za najbolj prepoznavno terapijo oblikovanja telesa dana\u0161njega \u010dasa.<br \/>\n2.\u00a0 Jakost in hitrost. Velashaper ART uporablja visoko radiofrekven\u010dno energijo 150 W, s katero hitro in u\u010dinkovito pregreje podko\u017eno tkivo. Slednje zmanj\u0161a trajanje posamezne terapije in \u0161tevilo ponovitev do 75 %.<br \/>\n3. Postopek z VelaShaper-ART je udoben in prijeten, precej podoben masa\u017ei z vro\u010dimi kamni.<br \/>\n4.\u00a0<strong>Priro\u010dnost. Postopek traja ve\u010dinoma manj kot uro.<\/strong><br \/>\n5. Kadarkoli. Postopek z VelaShaper ART se lahko izvaja vse leto, v vseh letnih \u010dasih, na vseh tipih ko\u017ee in neodvisno od barve ko\u017ee.<\/p>\n<p>&nbsp;<\/p>\n<p><strong>Podro\u010dja uporabe:<\/strong><\/p>\n<p><strong><img loading=\"lazy\" decoding=\"async\" class=\"\" src=\"https:\/\/www.art-kozmetika.com\/media\/.renditions\/wysiwyg\/uporaba.jpg\" alt=\"Podro\u010dja uporabe\" width=\"950\" height=\"634\" data-original=\"https:\/\/www.art-kozmetika.com\/media\/.renditions\/wysiwyg\/uporaba.jpg\" \/><\/strong><\/p>\n<p>&nbsp;<\/p>\n<p><strong>Podro\u010dja uporabe aplikatorjev &#8211; ro\u010dk:<\/strong><\/p>\n<p><strong><img loading=\"lazy\" decoding=\"async\" class=\"\" src=\"https:\/\/www.art-kozmetika.com\/media\/.renditions\/wysiwyg\/ro_ke.jpg\" alt=\"\" width=\"1000\" height=\"546\" data-original=\"https:\/\/www.art-kozmetika.com\/media\/.renditions\/wysiwyg\/ro_ke.jpg\" \/><\/strong><\/p>\n<p>1. Vakuumski RF ro\u010daj velike velikosti za tretiranje trebuha, zadnjice, prsi in hrbta<\/p>\n<p>2. Vakuumski RF ro\u010daj srednje velikosti za\u00a0 stegna, telesa in rok<\/p>\n<p>3. Vakuumski RF ro\u010daj majhne velikosti za nego obraza, vratu, o\u010di in ustnic<\/p>\n<p>4. Kavitacijski aplikator za pas, trebuh in zadnjico<\/p>\n<p><img loading=\"lazy\" decoding=\"async\" class=\"\" src=\"https:\/\/www.art-kozmetika.com\/media\/.renditions\/wysiwyg\/ro_aji_2.jpg\" alt=\"\" width=\"1000\" height=\"572\" data-original=\"https:\/\/www.art-kozmetika.com\/media\/.renditions\/wysiwyg\/ro_aji_2.jpg\" \/><\/p>\n<p><strong>Zna\u010dilnosti izdelka:<\/strong><\/p>\n<p>Vmesnik programske opreme OS Android: operacijski sistem Android ustvarja inteligentno platformo, ki je zelo uporabna in prijazna do uporabnika.<\/p>\n<p>Zagotavlja \u0161tevilne neverjetne funkcije.<\/p>\n<p><img loading=\"lazy\" decoding=\"async\" class=\"\" src=\"https:\/\/www.art-kozmetika.com\/media\/.renditions\/wysiwyg\/slika.jpg\" alt=\"\" width=\"1000\" height=\"716\" data-original=\"https:\/\/www.art-kozmetika.com\/media\/.renditions\/wysiwyg\/slika.jpg\" \/><\/p>\n<p><img loading=\"lazy\" decoding=\"async\" class=\"\" src=\"https:\/\/www.art-kozmetika.com\/media\/.renditions\/wysiwyg\/SLIKA_3.jpg\" alt=\"\" width=\"982\" height=\"148\" data-original=\"https:\/\/www.art-kozmetika.com\/media\/.renditions\/wysiwyg\/SLIKA_3.jpg\" \/><\/p>\n<p><strong>1. Varnostno preverjanje:<\/strong><br \/>\nSpletno spremljanje vrednosti vakuuma v realnem \u010dasu, ki se spreminja za celoten tretma, veliko varnej\u0161e.<\/p>\n<p><strong>2. Navodila za spletno usposabljanje:<\/strong><br \/>\nOperater lahko sledi video navodilom z zaslona, \u200b\u200bda dose\u017ee idealen rezultat.<\/p>\n<p><strong>3. Izbira na\u010dinov tretmaja:<\/strong><br \/>\nPulzni \/ neprekinjeni na\u010din za razli\u010dne stranke \/ funkcije, bolj udobno in u\u010dinkovito.<\/p>\n<p><strong>4. Funkcija \u010dasovnika:<\/strong><br \/>\nNastavite lahko \u010das tretmaja (15\u201360 minut) za razli\u010dne storitve\/dele telesa, bolj natan\u010dno in priro\u010dno.<\/p>\n<p>&nbsp;<\/p>\n<p><strong>Tehni\u010dni podatki:<\/strong><\/p>\n<p><img loading=\"lazy\" decoding=\"async\" class=\"\" src=\"https:\/\/www.art-kozmetika.com\/media\/.renditions\/wysiwyg\/slika_2.jpg\" alt=\"\" width=\"1000\" height=\"513\" data-original=\"https:\/\/www.art-kozmetika.com\/media\/.renditions\/wysiwyg\/slika_2.jpg\" \/><\/p>\n","protected":false},"excerpt":{"rendered":"<ul>\n<li>Tehnologija MuseShape zdru\u017euje infrarde\u010do svetlobo, bipolarno radiofrekven\u010dno energijo, vakuum in masa\u017eo z valj\u010dki<\/li>\n<li>Globoko segrevanje ma\u0161\u010dobnih celic<\/li>\n<li>Spodbuja rast novega in bolj\u0161ega kolagena in elastina, kar ima za posledico lokalno zmanj\u0161anje ohlapnosti ko\u017ee, obseg telesa ter splo\u0161no izbolj\u0161anje strukture in teksture ko\u017ee<\/li>\n<\/ul>\n","protected":false},"featured_media":5131,"template":"","meta":[],"product_brand":[],"product_cat":[97],"product_tag":[343],"class_list":{"0":"post-5130","1":"product","2":"type-product","3":"status-publish","4":"has-post-thumbnail","6":"product_cat-naprave-za-oblikovanje-telesa","7":"product_tag-velashaper-art","9":"first","10":"instock","11":"taxable","12":"shipping-taxable","13":"product-type-simple"},"_links":{"self":[{"href":"https:\/\/www.eliteiplrf.com\/en\/wp-json\/wp\/v2\/product\/5130","targetHints":{"allow":["GET"]}}],"collection":[{"href":"https:\/\/www.eliteiplrf.com\/en\/wp-json\/wp\/v2\/product"}],"about":[{"href":"https:\/\/www.eliteiplrf.com\/en\/wp-json\/wp\/v2\/types\/product"}],"wp:featuredmedia":[{"embeddable":true,"href":"https:\/\/www.eliteiplrf.com\/en\/wp-json\/wp\/v2\/media\/5131"}],"wp:attachment":[{"href":"https:\/\/www.eliteiplrf.com\/en\/wp-json\/wp\/v2\/media?parent=5130"}],"wp:term":[{"taxonomy":"product_brand","embeddable":true,"href":"https:\/\/www.eliteiplrf.com\/en\/wp-json\/wp\/v2\/product_brand?post=5130"},{"taxonomy":"product_cat","embeddable":true,"href":"https:\/\/www.eliteiplrf.com\/en\/wp-json\/wp\/v2\/product_cat?post=5130"},{"taxonomy":"product_tag","embeddable":true,"href":"https:\/\/www.eliteiplrf.com\/en\/wp-json\/wp\/v2\/product_tag?post=5130"}],"curies":[{"name":"wp","href":"https:\/\/api.w.org\/{rel}","templated":true}]}}