{"id":5069,"date":"2022-07-07T07:36:13","date_gmt":"2022-07-07T07:36:13","guid":{"rendered":"https:\/\/www.eliteiplrf.com\/?post_type=product&#038;p=5069"},"modified":"2022-07-07T08:20:49","modified_gmt":"2022-07-07T08:20:49","slug":"diodni-laser-karl-808nm-sld-laser","status":"publish","type":"product","link":"https:\/\/www.eliteiplrf.com\/en\/beauty-machine\/diodni-laser-karl-808nm-sld-laser\/","title":{"rendered":"Diodni laser KARL 808nm | SLD laser"},"content":{"rendered":"<p>Diodni laser Karl 808nm je vrhunski na\u010din za odstranjevanje ne\u017eelenih dla\u010dic, saj je primeren za vse tipe ko\u017ee, od ko\u017ee z opeklinami do pigmentirane ko\u017ee.\u00a0Primeren je tudi za vse vrste dla\u010dic, od ne\u017enih, svetlih do mo\u010dnih, temnih.\u00a0Trajna depilacija je hitra in nebole\u010da, zato je ko\u017ei prijazen tretma.<\/p>\n<p>Diodni laser je izjemno precizna naprava. Z valovno dol\u017eino 808 nm se\u017ee pod povrhnjico ko\u017ee, kjer natan\u010dno uni\u010di korenino dla\u010dice na dolo\u010denem podro\u010dju, okoli\u0161ko in neciljno povr\u0161ino oziroma tkivo pa pusti nedotaknjeno.<\/p>\n<p>Obmo\u010dja, ki jih lahko urejate z diodnim laserjem Karl so: dla\u010dice okoli ustnic, pazduhe, noge, brada, prsni ko\u0161, rame, hrbet in bikini.<\/p>\n<p><strong>Prednosti:<\/strong><br \/>\n\u2022 Enostavno upravljanje preko zaslona na dotik (touchscreen).<br \/>\n\u2022 Mo\u017enost nastavitve programa za mo\u0161kega ali \u017eensko.<br \/>\n\u2022 La\u017eje upravljanje z aplikatorjem zaradi zmanj\u0161ane te\u017ee na 450g.<br \/>\n\u2022 Hitri in izjemno u\u010dinkoviti tretmaji.<br \/>\n\u2022 Sistem samopreverjanja in samodejne za\u0161\u010dite za zagotovitev stabilnosti.<\/p>\n<p>Majhna in lahka zasnova aplikatorja (ro\u010dnika) vam omogo\u010da ve\u010d energije po koncu tretmaja in bolj spro\u0161\u010deno rokovanje z aplikatorjem med izvajanem tretmaja. Te\u017ea aplikatorja je le 450 gramov in vam prihrani bole\u010dino v rokah.<\/p>\n<p>Tehnologija &#8220;Micro channel&#8221; je del vseh najnovej\u0161ih laserjev, saj zagotavlja visoko u\u010dinkovitost hlajenja in dolgo \u017eivljenjsko dobo laserskega aplikatorja.<\/p>\n<p>Najnovej\u0161i dizajn prepre\u010duje, da bi se kondenzacija dogajala znotraj aplikatorja.<\/p>\n<p><strong>Tehni\u010dne specifikacije:<\/strong><br \/>\n\u2022 Te\u017ea: 42.2 kg.<br \/>\n\u2022 Dimenzije: 50x43x115 cm.<br \/>\n\u2022 LCD zaslon na dotik : 26.4 cm.<br \/>\n\u2022 \u0160irina in dol\u017eina pulza: 14&#215;14 mm, 14&#215;23 mm<br \/>\n\u2022 Mo\u010d: 800-1200 W.<br \/>\n\u2022 Frekvenca: 1~10Hz.<br \/>\n\u2022 Odli\u010dna kvaliteta celotnega ro\u010dnika.<br \/>\n\u2022 Stopnja hlajenja: -10 \u00b0C<br \/>\n\u2022 Te\u017ea ro\u010dnika: 450g.<\/p>\n","protected":false},"excerpt":{"rendered":"<p>Diodni laser Karl 808nm za odstranjevanje dla\u010dic je vrhunska epilacijska naprava, primerna za vse tipe ko\u017ee in vrste dla\u010dic.<\/p>\n<p><strong>Prednosti uporaba diodnega laserja Karl 808nm:<\/strong><\/p>\n<p>\u2022 Enostavno upravljanje preko zaslona na dotik (touchscreen).<\/p>\n<p>\u2022 Mo\u017enost nastavitve programa za mo\u0161kega ali \u017eensko.<\/p>\n<p>\u2022 La\u017eje upravljanje z aplikatorjem zaradi zmanj\u0161ane te\u017ee na 450g.<\/p>\n<p>\u2022 Hitri in izjemno u\u010dinkoviti tretmaji.<\/p>\n<p><strong>Dimenzije:<\/strong>\u00a050 x 43 x 115 cm.<\/p>\n","protected":false},"featured_media":5070,"template":"","meta":[],"product_brand":[],"product_cat":[95],"product_tag":[],"class_list":{"0":"post-5069","1":"product","2":"type-product","3":"status-publish","4":"has-post-thumbnail","6":"product_cat-naprave-za-trajno-odstranjevanje-dlak","8":"first","9":"instock","10":"taxable","11":"shipping-taxable","12":"product-type-simple"},"_links":{"self":[{"href":"https:\/\/www.eliteiplrf.com\/en\/wp-json\/wp\/v2\/product\/5069","targetHints":{"allow":["GET"]}}],"collection":[{"href":"https:\/\/www.eliteiplrf.com\/en\/wp-json\/wp\/v2\/product"}],"about":[{"href":"https:\/\/www.eliteiplrf.com\/en\/wp-json\/wp\/v2\/types\/product"}],"wp:featuredmedia":[{"embeddable":true,"href":"https:\/\/www.eliteiplrf.com\/en\/wp-json\/wp\/v2\/media\/5070"}],"wp:attachment":[{"href":"https:\/\/www.eliteiplrf.com\/en\/wp-json\/wp\/v2\/media?parent=5069"}],"wp:term":[{"taxonomy":"product_brand","embeddable":true,"href":"https:\/\/www.eliteiplrf.com\/en\/wp-json\/wp\/v2\/product_brand?post=5069"},{"taxonomy":"product_cat","embeddable":true,"href":"https:\/\/www.eliteiplrf.com\/en\/wp-json\/wp\/v2\/product_cat?post=5069"},{"taxonomy":"product_tag","embeddable":true,"href":"https:\/\/www.eliteiplrf.com\/en\/wp-json\/wp\/v2\/product_tag?post=5069"}],"curies":[{"name":"wp","href":"https:\/\/api.w.org\/{rel}","templated":true}]}}