{"id":4940,"date":"2022-06-03T10:49:40","date_gmt":"2022-06-03T10:49:40","guid":{"rendered":"https:\/\/www.eliteiplrf.com\/?post_type=product&#038;p=4940"},"modified":"2022-06-03T12:10:07","modified_gmt":"2022-06-03T12:10:07","slug":"elektromagnetna-stimulacijska-naprava-teslaart","status":"publish","type":"product","link":"https:\/\/www.eliteiplrf.com\/en\/beauty-machine\/elektromagnetna-stimulacijska-naprava-teslaart\/","title":{"rendered":"Elektromagnetna stimulacijska naprava TeslaART+"},"content":{"rendered":"<p style=\"text-align: left;\">TeslaART je multifunkcijska naprava, ki omogo\u010da hitro oblikovanje telesa &#8211; rezultati so vidni \u017ee po 4 tretmajih v razmaku 2 tednov.<\/p>\n<p style=\"text-align: left;\">Pol ure tretmaja je enako kot 20.000 trebu\u0161njakov ali kot 5,5 h vadbe!<\/p>\n<p style=\"text-align: left;\"><strong>Kaj je absolutna novost, ki prina\u0161a odli\u010dne rezultate?<\/strong><\/p>\n<p style=\"text-align: left;\"><strong>TeslaART+ se od predhodnice TeslaART razlikuje predvsem v tem, da ima prilo\u017eeno tudi posebno blazino za zadnjico, ki pomaga krepiti oslabljene mi\u0161ice medeni\u010dnega dna.\u00a0<\/strong><\/p>\n<p style=\"text-align: left;\"><strong>TeslaART+ se od predhodne razli\u010dice razlikuje tudi po tem, da lahko kar vsi 4 ro\u010dniki delujejo so\u010dasno.<\/strong><\/p>\n<p style=\"text-align: left;\">Naprava TeslaART+ ima 5 na\u010dinov delovanja, vsak na\u010din pa ima \u0161e 7 stopenj &#8211; skupno torej kar 35 programov<\/p>\n<p style=\"text-align: left;\"><strong><br \/>\nNa\u010dini delovanja:<\/strong><\/p>\n<ul style=\"text-align: left;\">\n<li><strong>Na\u010din spro\u0161\u010danja.<br \/>\n<\/strong>Na\u010din spro\u0161\u010danja poskrbi, da se mi\u0161ice popolnoma sprostijo, kar pomaga, da ostanejo v dobri formi. Popolno spro\u0161\u010danje pa pripomore tudi k maksimalnemu delovanju mi\u0161ic.<\/li>\n<li><strong>Na\u010din oblikovanja mi\u0161ic.<br \/>\n<\/strong>V tem na\u010dinu se krepi mo\u010d mi\u0161ic.<\/li>\n<li><strong>Na\u010din zmanj\u0161evanja ma\u0161\u010dobe.<br \/>\n<\/strong>Ta na\u010din posnema visoko intervalno vadbo in s tem &#8220;kurjenje ma\u0161\u010dob&#8221;.<\/li>\n<li><strong>Na\u010din fizioterapije.<br \/>\n<\/strong>V tem na\u010dinu se mi\u0161ice sprostijo, laj\u0161a se utrujenost, obnovi se fizi\u010dna pripravljenost, izbolj\u0161a se cirkulacija.<\/li>\n<li><strong>Na\u010din masa\u017ee.<br \/>\n<\/strong>V tem na\u010dinu se mi\u0161ice raztegnejo in sprostijo, kar pripomore k bolj\u0161i kondiciji.<\/li>\n<\/ul>\n<p style=\"text-align: left;\"><strong>Stopnje:<\/strong><\/p>\n<p style=\"text-align: left;\">Delovanje naprave posnema \u010dlove\u0161ko gibanje &#8211; razdeljeno je v naslednje stopnje:<br \/>\npriprava -&gt; ogrevanje -&gt; vadba -&gt; premor -&gt; vadba -&gt;\u00a0 spro\u0161\u010danje -&gt; sprostitev.<\/p>\n<p style=\"text-align: left;\">Vsako stopnjo prikazuje animacija na zaslonu.<\/p>\n<p style=\"text-align: left;\"><strong>Delovanje TeslaART+<\/strong><\/p>\n<p style=\"text-align: left;\"><img decoding=\"async\" class=\"no-resize\" title=\"delovanje TeslaARTplus\" src=\"https:\/\/www.art-kozmetika.com\/media\/wysiwyg\/delovanje-teslaartplus.jpg\" alt=\"delovanje TeslaARTplus\" \/><\/p>\n<p style=\"text-align: left;\">Posebnost &#8211; blazina za krepitev mi\u0161ic medeni\u010dnega dna<\/p>\n<p style=\"text-align: left;\">TeslaART+ ima tudi blazino, ki krepi mi\u0161ice medeni\u010dnega dna. To je vsekakor posebnost med kozmeti\u010dnimi napravami in nova storitev, ki jo lahko ponudite va\u0161im strankam.<\/p>\n<p style=\"text-align: left;\"><strong>Velika nadgradnja prej\u0161njega modela TeslaART je tudi, da pri TeslaART+ lahko delujejo vsi 4 ro\u010dniki hkrati.<\/strong><\/p>\n<p style=\"text-align: left;\"><img decoding=\"async\" class=\"no-resize\" title=\"blazina za zadnjico\" src=\"https:\/\/www.art-kozmetika.com\/media\/wysiwyg\/blazina-za-zadnjico-tesla.jpg\" alt=\"blazina za zadnjico\" width=\"350\" \/><\/p>\n<p style=\"text-align: left;\"><strong>Prednosti ro\u010dnikov<\/strong><\/p>\n<ul style=\"text-align: left;\">\n<li>Inteligentno prepoznavanje ro\u010dnikov, vsak ro\u010dnik je mo\u017eno nastaviti neodvisno.<\/li>\n<li>Avtomati\u010dno prilagodi energijo glede na razli\u010dne tipe ro\u010dnikov, kar je varneje.<\/li>\n<li>Priporo\u010deno je nadgrajevanje naprave z novo programsko opremo.<\/li>\n<li>Isto\u010dasno lahko delujejo 4 ro\u010dniki.<\/li>\n<\/ul>\n<p style=\"text-align: left;\"><strong><br \/>\n<img decoding=\"async\" title=\"ro\u010dniki TeslaART\" src=\"https:\/\/www.art-kozmetika.com\/media\/wysiwyg\/rocniki-teslaartplus.jpg\" alt=\"ro\u010dniki TeslaART\" \/><\/strong><\/p>\n<p style=\"text-align: left;\"><img decoding=\"async\" class=\"no-resize\" title=\"inteligentna prepoznava ro\u010dnika\" src=\"https:\/\/www.art-kozmetika.com\/media\/wysiwyg\/blazina-avtomatsko-prepoznavanje.jpg\" alt=\"inteligentna prepoznava ro\u010dnika\" \/><\/p>\n<p style=\"text-align: left;\">Sistem avtomati\u010dno prilagodi energijo glede na uporabljen ro\u010dnik, kar je bolj varno.<\/p>\n<p style=\"text-align: left;\">Na zaslonu vidimo hkrati vse delujo\u010de ro\u010dnike.<\/p>\n<p style=\"text-align: left;\"><strong>TeslaART+ je visokotehnolo\u0161ka naprava<\/strong><\/p>\n<p style=\"text-align: left;\">TeslaART+ omogo\u010da neprekinjeno delovanje &#8211; brez nihanja energije.<\/p>\n<div style=\"text-align: left;\"><img decoding=\"async\" class=\"no-resize\" title=\"prednosti Teslaart+\" src=\"https:\/\/www.art-kozmetika.com\/media\/wysiwyg\/prednosti-teslaartplus.jpg\" alt=\"prednosti Teslaart+\" \/><\/div>\n<p style=\"text-align: left;\"><strong>Rezultati<\/strong><\/p>\n<p style=\"text-align: left;\">Rezultati so fenomenalni in prve spremembe so vidne \u017ee po 2 tednih.<\/p>\n<p style=\"text-align: left;\">Po nekaj tedenskih tretmajih je povpre\u010dna<strong>\u00a0izguba ma\u0161\u010dobe -20%<\/strong>,\u00a0<strong>pove\u010danje mi\u0161i\u010dne mase pa 17%<\/strong>, opazen pa je tudi\u00a0<strong>dvig zadnjice<\/strong>.<\/p>\n<p style=\"text-align: left;\"><img decoding=\"async\" title=\"prej potem TeslaART plus\" src=\"https:\/\/www.art-kozmetika.com\/media\/wysiwyg\/teslaart-plus-6.jpg\" alt=\"prej potem TeslaART plus\" \/><\/p>\n<p style=\"text-align: left;\">Delovanje Elektromagnetne stimulacijske naprave TeslaART<\/p>\n<p style=\"text-align: left;\">TeslaART uporablja tehnologijo z visoko intenzivnostjo, usmerjeno elektromagnetno (HIFEM).<\/p>\n<p style=\"text-align: left;\">Ta postopek ne le globoko preoblikuje notranjo strukturo mi\u0161ice, da pove\u010da gostoto in volumen mi\u0161ice, ampak tudi hitro aktivira gibanje ma\u0161\u010dobnih celic, da dose\u017ee supramaksimalno lipolizo.<\/p>\n<p style=\"text-align: left;\"><img decoding=\"async\" class=\"alignleft\" title=\"delovanje teslart\" src=\"https:\/\/www.art-kozmetika.com\/media\/wysiwyg\/delovanje-teslaart.jpg\" alt=\"delovanje teslart\" \/><\/p>\n","protected":false},"excerpt":{"rendered":"<p>Kaj pravite na to &#8211; 30 minut tretmaja s TeslaART+ je enako kot \u010de bi naredili 20.000 trebu\u0161njakov ali kot \u010de bi 5,5 h ur televadili!?<\/p>\n<p>Tako intenzivnega delovanja mi\u0161ic se ne da dose\u010di z obi\u010dajno vadbo.<\/p>\n<p><strong>Kako je to sploh mo\u017eno?<\/strong><\/p>\n<p>Mi\u0161i\u010dni stimulator za oblikovanje telesa\u00a0TeslaART+ s pomo\u010djo elektrostimulacije posnema vadbo in vam na hiter na\u010din pomaga oblikovat telo\u00a0&#8211; hkrati odstranjuje ma\u0161\u010dobne obloge in pomaga gradit mi\u0161i\u010dno maso.<\/p>\n<p>Tretmaji s TeslaART so primerni tudi za vse, ki ne obo\u017eujejo telovadnice, saj delovanje naprave posnema vadbo.<\/p>\n<p>Z napravo TeslaART delajo v kozmeti\u010dnih salonih, medicinskih centrih in fitnesih.<\/p>\n","protected":false},"featured_media":4968,"template":"","meta":[],"product_brand":[],"product_cat":[97],"product_tag":[],"class_list":{"0":"post-4940","1":"product","2":"type-product","3":"status-publish","4":"has-post-thumbnail","6":"product_cat-naprave-za-oblikovanje-telesa","8":"first","9":"instock","10":"taxable","11":"shipping-taxable","12":"product-type-simple"},"_links":{"self":[{"href":"https:\/\/www.eliteiplrf.com\/en\/wp-json\/wp\/v2\/product\/4940","targetHints":{"allow":["GET"]}}],"collection":[{"href":"https:\/\/www.eliteiplrf.com\/en\/wp-json\/wp\/v2\/product"}],"about":[{"href":"https:\/\/www.eliteiplrf.com\/en\/wp-json\/wp\/v2\/types\/product"}],"wp:featuredmedia":[{"embeddable":true,"href":"https:\/\/www.eliteiplrf.com\/en\/wp-json\/wp\/v2\/media\/4968"}],"wp:attachment":[{"href":"https:\/\/www.eliteiplrf.com\/en\/wp-json\/wp\/v2\/media?parent=4940"}],"wp:term":[{"taxonomy":"product_brand","embeddable":true,"href":"https:\/\/www.eliteiplrf.com\/en\/wp-json\/wp\/v2\/product_brand?post=4940"},{"taxonomy":"product_cat","embeddable":true,"href":"https:\/\/www.eliteiplrf.com\/en\/wp-json\/wp\/v2\/product_cat?post=4940"},{"taxonomy":"product_tag","embeddable":true,"href":"https:\/\/www.eliteiplrf.com\/en\/wp-json\/wp\/v2\/product_tag?post=4940"}],"curies":[{"name":"wp","href":"https:\/\/api.w.org\/{rel}","templated":true}]}}