{"id":3515,"date":"2019-07-17T12:06:56","date_gmt":"2019-08-26T08:34:23","guid":{"rendered":"http:\/\/dev.eliteiplrf.com\/en\/?post_type=product&#038;p=3515"},"modified":"2019-09-20T09:30:41","modified_gmt":"2019-09-20T09:30:41","slug":"ebeauty-dbt11","status":"publish","type":"product","link":"https:\/\/www.eliteiplrf.com\/en\/beauty-machine\/ebeauty-dbt11\/","title":{"rendered":"eBeauty DBT11"},"content":{"rendered":"<div class=\"wpb-content-wrapper\"><p>[vc_row][vc_column width=&#8221;1\/2&#8243;][\/vc_column][vc_column width=&#8221;1\/2&#8243;][vc_column_text text_larger=&#8221;no&#8221;]<\/p>\n<p class=\"opis myriad\"><span style=\"color: #333333; font-size: 16px;\">Beauty DBT11 is completely new appliance, which combines all the most important functions needed for a complete offer in your clinic or salon. It\u2019s technologically the most advanced appliance, it has acceptable price and top quality. It assures great results by all treatments. We can prove this!<\/span><\/p>\n<div class=\"opis\">\n<p>It\u2019s a combination of tested technologies used in many salons in Slovenia and Croatia, because in recent years our appliances proved that deserve trust, clients and justify money investment.<br \/>\nProbably you wonder, what are its components that it gets so many compliments.<\/p>\n<p><strong>Functions and technologies:<\/strong><br \/>\n\u2022\u00a0\u00a0 \u00a0IPL laser<br \/>\n\u2022\u00a0\u00a0 \u00a0eLite IPL+RF laser<br \/>\n\u2022\u00a0\u00a0 \u00a0RF (radiofrequency)<br \/>\n\u2013\u00a0 Monopolar RF for body shaping \u2013 removing fat<br \/>\n\u2013\u00a0 Bipolar RF for lifting and smoothing wrinkles<br \/>\n\u2013\u00a0 Multipolar RF lifting and smoothing wrinkles<br \/>\n\u2022\u00a0\u00a0 \u00a0Cavitation 1 MHz \u2013 non-invasive cavitation, which can be used also on face<br \/>\n\u2022\u00a0\u00a0 \u00a0Cavitation 40 kHz \u2013 cavitation for body<\/p>\n<p>We will not only sell appliance. It\u2019s true that you will not need us for maintenance, but we will help you with training and advices for use.<\/p>\n<p><strong>DESCRIPTIONS OF INDIVIDUAL FUNCTIONS<\/strong><\/p>\n<p><strong>IPL laser:<\/strong><\/p>\n<p>IPL lasers are appliances which operate in a spectrum of wave-lengths between 400 nm and 1200 nm. It is successful by treatments of rejuvenation, face lifting, permanent hair removal \u2013 epilation, removing veins, acnes, herpes, etc.<\/p>\n<p>IPL laser is non-invasive appliance which positively affects tissues. Treatments stimulate faster growth of \u00a0collagen, which is a major connective tissue in skin. It creates a beautiful complexion of skin, removes wrinkles, heals acnes, removes spots and other pigmentations, heals rosacea, but most frequently is used for removing hair. IPL laser provides very successful permanent removal of hair from all parts of body. It\u2019s indispensable part of cosmetic and beauty surgery.<\/p>\n<\/div>\n<p>[\/vc_column_text][\/vc_column][\/vc_row][vc_row][vc_column width=&#8221;1\/2&#8243;][vc_row_inner][vc_column_inner][vc_single_image image=&#8221;3615&#8243; img_size=&#8221;&#8221; alignment=&#8221;center&#8221; onclick=&#8221;link_image&#8221; parallax_scroll=&#8221;no&#8221;][\/vc_column_inner][\/vc_row_inner][vc_single_image image=&#8221;3617&#8243; img_size=&#8221;&#8221; alignment=&#8221;center&#8221; onclick=&#8221;link_image&#8221; parallax_scroll=&#8221;no&#8221;][\/vc_column][vc_column width=&#8221;1\/2&#8243;][vc_column_text text_larger=&#8221;no&#8221;]<strong>eLite IPL+RF<\/strong><br \/>\neLite IPL+RF laser operates very similar to IPL laser. The main difference is that IPL energy is simultaneously \u00bbassisted\u00ab by energy of radiofrequence (RF). It is also said that IPL and RF operate in a synergy. IPL energy and RF energy simultaneously affect tissue and together with outstanding cooling of applicator surface are provided excellent results. RF energy ensures that energy of IPL laser can be lower, but at the same time both energies can be higher due to efficient cooling of skin. Consequently treatments give much better results, and safety is on the highest possible level.[\/vc_column_text][\/vc_column][\/vc_row][vc_row][vc_column width=&#8221;1\/2&#8243;][\/vc_column][vc_column width=&#8221;1\/2&#8243;][vc_column_text text_larger=&#8221;no&#8221;]<strong>Radiofrequency \u2013 RF<\/strong><br \/>\nBy physical definition radiofrequency (RF) means electrical and magnetic wave, which transfers RF electric current. This is electrical and magnetic wave of high frequency alternating current (AC). AC oscillating with less than 1,000 times per second is low frequency electric current, while AC oscillating with more than 10,000 times per second is high frequency electrc current. RF is therefore high frequency electric current. By medicine definition RF is high frequency electric current with a frequency range from 0.5 MHz to 8 MHz. It\u2019s widely used in wireless communications and irreplaceable. For example, RF thermal technology transforms high frequency electric current into thermal energy which can be used in a field of aesthetic therapy.<\/p>\n<p>And what is a principle of operation of a bipolar RF appliance for thermal therapy?<br \/>\nWith regard to different resistence of skin use of suitable RF transmitter creates a suitable electric energy which is transformed into thermal energy. The latter penetrates through cooled epidermis deeply into dermis, increases temperature, stimulates blood circulation in dermis and subcutaneous tissues, immediately stretches warmed fiber tissues, stimulates long-term regeneration of collagen, triggers effect of skin stretching and wrinkle removing. Treatments are efficient for all skin colours, after treatment no scar remains on skin, disappear also spots.<\/p>\n<p>DPT11 provides the longest curative effect, and at the same time treatment lasts for the shortest time and is performed in the safest way. Anaesthesia isn\u2019t required, after treatment don\u2019t remain red swelling. You can normally continue your everyday life. Every treatment shows different effects, which last a long period of time, even 3 to 6 months. Visible improvement can be shown in 6 months after beginning of treatment sessions. Official medicine approved use of appliance for RF thermal therapy as non-invasive and nonoperative therapeutic method for wrinkle removing and skin stretching, which takes the least time and has the longest curative effect.<\/p>\n<p>This technique has been known for a long time. It was used especially in medicine \u2013 surgery, and is based on a principle of skin tissue resistance against RF wave. Consequently, skin and subcutaneous tissues get warmed, what in a case of low energies causes transformation of collagen fibres on the one side, but on the other side it triggers stimulation of fibroblasts, and building of new collagen fibres and intercellular matter. It is reflected in more vigorous and stretched skin.<br \/>\nMonopolar radiofrequency is primarily used for treatment of withered and floppy skin on face, neck and decolletage, rarely on belly and upper arms. Side effects are mild \u2013 feeling of heat and slightly red skin after treatment. They disappear in few minutes, if a suitable care is applied.[\/vc_column_text][\/vc_column][\/vc_row][vc_row][vc_column width=&#8221;1\/2&#8243;][vc_single_image image=&#8221;3619&#8243; img_size=&#8221;&#8221; alignment=&#8221;center&#8221; onclick=&#8221;link_image&#8221; parallax_scroll=&#8221;no&#8221;][vc_single_image image=&#8221;3623&#8243; img_size=&#8221;&#8221; alignment=&#8221;center&#8221; onclick=&#8221;link_image&#8221; parallax_scroll=&#8221;no&#8221;][\/vc_column][vc_column width=&#8221;1\/2&#8243;][vc_column_text text_larger=&#8221;no&#8221;]<strong>Cavitation 1 MHz<br \/>\n<\/strong>Supersonic wave increases temperature of adipose tissues, which decompose, burn out and in this way excrete from body. This means that supersonic wave can be used for removing adipose tissues from fatty parts of a body.<br \/>\nUse of vacuum cavitation and supersonic cavitation 1 MHz is a perfect combination for melting and dissolving fat, detoxication and body shaping, skin stretching and massage of fatty parts in various depths. It dissolves subcutaneous fat, decreases cellulite coating, accelerates lymphatic circulation and excretes dissolved fatty acids and toxins through lymphatic system. It has immediate effect on body shaping.<br \/>\n1. Apply herbal oil on skin; quantity should be adjusted to flexibility of movement of vacuum and supersonic head.2. Choose operational mode of supersonic cavitation, energy density and duration of treatment (20 minutes for every body part).3. Cosmetician should slowly move supersonic head on skin; moves should be close together and performed evenly; vacuum suction should be regulated according to client\u2019s persistency (if vacuum function is enabled). During moving a head should repeat zigzag moves, which efficiently dissolve fat, stimulate secretion of toxins, etc.<strong><br \/>\n<\/strong><\/p>\n<p><strong>Cavitation 40 kHz<\/strong><br \/>\nSupersonic head \u0424 50 mmSupersonic appliance for slimming is based on a theory of cavitation. It uses ultrasound 40 kHz for creating intensive vibration, which causes internal explosion in adipose tissues and eliminates lypocites.Iz efficiently dissolves inveterate and deep fat, decreases quantity and size of lypocites. Diathermal and vacuum applying accelerates flow of lypocites and tissues what stimulates elimination of fatty acid and toxins through lymphatic system. Vacuum function stimulates melting of lypocites and adipose tissues, accelerates secretion of toxins, enhances effect of fat removal, body shaping, skin stretching, and improves flexibility of muscles.<br \/>\nCosmetician should slowly move supersonic head on skin. During moving a head should repeat circular or zigzag moves, while with the other hand push a fat towards supersonic head. It\u2019s suitable to perform moves in a direction of lymphatic system. Cavitation head M80 (40 kHz) is used for removing abundant fat (on belly, waist and buttocks), while cavitation head M50 (50 kHz) is used on parts with less fat.<br \/>\nAppliance isn\u2019t suitable for treatment of back and bone areas. During treatment of woman belly avoid uterine area. Treatment should be avoided also in a period of menstruation.<br \/>\nIt\u2019s important that enough gel is applied, otherwise pain could arise during treatment.[\/vc_column_text][\/vc_column][\/vc_row][vc_row][vc_column width=&#8221;1\/2&#8243;][vc_single_image image=&#8221;3873&#8243; alignment=&#8221;center&#8221; onclick=&#8221;link_image&#8221; parallax_scroll=&#8221;no&#8221;][\/vc_column][vc_column width=&#8221;1\/2&#8243;][vc_column_text text_larger=&#8221;no&#8221;]<\/p>\n<h2>Pri uporabi ne pozabite na ultrazvo\u010dni gel.<\/h2>\n<p>Kot omenjeno, je potrebno pri opravljanju tretmaja nanesti zadostno koli\u010dino ultrazvo\u010dnega gela. Z zadostno koli\u010dino dela na predelu kjer izvajate tretma, boste bistveno prispevali k udobju va\u0161e stranke. Ultrazvo\u010dni gel lahko dobite v na\u0161i ponudbi po najbolj\u0161i ceni. Za podrobnej\u0161e informacije in naro\u010dilo kliknite na sliko spodaj.[\/vc_column_text][\/vc_column][\/vc_row]<\/p>\n<\/div>","protected":false},"excerpt":{"rendered":"<p>eBeauty DBT11 is completely new appliance, which combines all the most important functions \u2013 technologies which are needed for a complete offer in your clinic or salon. It\u2019s technologically the most advanced appliance, it has acceptable price and top quality. It assures great results by all treatments.<\/p>\n<ul class=\"namen\">\n<li>IPL laser<\/li>\n<li>eLite IPL+RF laser<\/li>\n<li>Monopolar radiofrequency for body shaping \u2013 removing fat<\/li>\n<li>Bipolar radiofrequency for lifting and smoothing wrinkles<\/li>\n<li>Multipolar radiofrequency for lifting and smoothing wrinkles<\/li>\n<li>Cavitation 1 MHz for face and body<\/li>\n<li>Cavitation 40 kHz for body<\/li>\n<\/ul>\n","protected":false},"featured_media":3625,"template":"","meta":[],"product_brand":[],"product_cat":[205,206,204],"product_tag":[],"class_list":{"0":"post-3515","1":"product","2":"type-product","3":"status-publish","4":"has-post-thumbnail","6":"product_cat-body-shaping-devices","7":"product_cat-devices-for-facial-and-facial-treatments","8":"product_cat-facial-and-body-rejuvenation-devices","10":"first","11":"instock","12":"taxable","13":"shipping-taxable","14":"product-type-simple"},"_links":{"self":[{"href":"https:\/\/www.eliteiplrf.com\/en\/wp-json\/wp\/v2\/product\/3515","targetHints":{"allow":["GET"]}}],"collection":[{"href":"https:\/\/www.eliteiplrf.com\/en\/wp-json\/wp\/v2\/product"}],"about":[{"href":"https:\/\/www.eliteiplrf.com\/en\/wp-json\/wp\/v2\/types\/product"}],"wp:featuredmedia":[{"embeddable":true,"href":"https:\/\/www.eliteiplrf.com\/en\/wp-json\/wp\/v2\/media\/3625"}],"wp:attachment":[{"href":"https:\/\/www.eliteiplrf.com\/en\/wp-json\/wp\/v2\/media?parent=3515"}],"wp:term":[{"taxonomy":"product_brand","embeddable":true,"href":"https:\/\/www.eliteiplrf.com\/en\/wp-json\/wp\/v2\/product_brand?post=3515"},{"taxonomy":"product_cat","embeddable":true,"href":"https:\/\/www.eliteiplrf.com\/en\/wp-json\/wp\/v2\/product_cat?post=3515"},{"taxonomy":"product_tag","embeddable":true,"href":"https:\/\/www.eliteiplrf.com\/en\/wp-json\/wp\/v2\/product_tag?post=3515"}],"curies":[{"name":"wp","href":"https:\/\/api.w.org\/{rel}","templated":true}]}}