{"id":3492,"date":"2019-07-22T07:51:56","date_gmt":"2019-08-26T07:41:29","guid":{"rendered":"http:\/\/dev.eliteiplrf.com\/en\/?post_type=product&#038;p=3492"},"modified":"2019-08-26T07:41:29","modified_gmt":"2019-08-26T07:41:29","slug":"synergyart-revolucionarna-naprava-za-nego-obraza-4-v-1","status":"publish","type":"product","link":"https:\/\/www.eliteiplrf.com\/en\/beauty-machine\/synergyart-revolucionarna-naprava-za-nego-obraza-4-v-1\/","title":{"rendered":"SynergyART &#8211; revolucionarna naprava za nego obraza | 4 v 1"},"content":{"rendered":"<div class=\"wpb-content-wrapper\"><p>[vc_row][vc_column width=&#8221;1\/2&#8243;][vc_single_image image=&#8221;3058&#8243; img_size=&#8221;&#8221; alignment=&#8221;center&#8221; onclick=&#8221;link_image&#8221; parallax_scroll=&#8221;no&#8221;][\/vc_column][vc_column width=&#8221;1\/2&#8243;][vc_column_text text_larger=&#8221;no&#8221;]<\/p>\n<h3>SynergyART je revolucionarna naprava za nego obraza, katera zdru\u017euje kar 4 tehnologije za nego obraza v eni izvrstni napravi.<\/h3>\n<p>Naprava zdru\u017euje naslednje tehnologije:<\/p>\n<ul>\n<li>\u2022 Aqua<\/li>\n<li>\u2022 OxyGemeo<\/li>\n<li>\u2022 QuaPollar<\/li>\n<li>\u2022 uCosmo<\/li>\n<\/ul>\n<p><strong>Aqua tehnologija<\/strong>\u00a0zdru\u017euje vakuumsko tehnologijo in spiralno gibanje is s tem dosega naslednje rezultate:<\/p>\n<ul>\n<li>Vi\u0161ja stopnja prepustnosti<\/li>\n<li>Globinsko \u010di\u0161\u010denje<\/li>\n<li>Odstranjevanje poro\u017eenele ko\u017ee<\/li>\n<li>Uravnavanje izlo\u010danja vode in olja<\/li>\n<li>Izbolj\u0161anje teksture ko\u017ee in obnavljanje naravnega tona ko\u017ee<\/li>\n<\/ul>\n<p><strong>OxyGemeo tehnologija\u00a0<\/strong>vsebuje poseben vrh kapsul, s specifi\u010dno frekvenco vibracij, zaradi \u010desar proizvaja ne\u0161teto\u00a0CO<sub>2<\/sub>\u00a0mehur\u010dkov. Ti v trenutku prodrejo v ko\u017eo, kjer se nato razpo\u010dijo ter spro\u017eijo Bohrov u\u010dinek. S tem poskrbijo za naslednje u\u010dinke:<\/p>\n<ul>\n<li>Obogatitev kisika v krvi<\/li>\n<li>O\u017eivitev ko\u017enih celic<\/li>\n<li>Pomlajevanje ko\u017ee<\/li>\n<\/ul>\n<p><strong>QuaPollar tehnologija<\/strong>\u00a0poskrbi za ve\u010dje proizvajanje kolagena, zaradi \u010desar se dviguje ko\u017eno tkivo &#8211; lifting. Kolagen ima gosto mre\u017easto strukturo, katera je klju\u010dna za ohranjanje mladosti in zategovanje ko\u017ee. Radiofrekvenca segreje kolagen na 45\u00b0C.<\/p>\n<p><strong>uCosmo tehnologija<\/strong>\u00a0preko uCosmo aplikatorja oddaja 1 MHz visokofrekven\u010dni ultrazvok, s katerim omogo\u010da u\u010dinkovito absorbcijo in razgradnjo aktivnih sestavin v produktih. Izbrane u\u010dinkovine se namesti v aplikator, ta pa nato preko posebnega avtomatskega sistema dozira u\u010dinkovine v ko\u017eo.[\/vc_column_text][\/vc_column][\/vc_row]<\/p>\n<\/div>","protected":false},"excerpt":{"rendered":"<p>SynergyART je revolucionarna naprava za nego obraza, katera zdru\u017euje kar 4 tehnologije za nego obraza v eni izvrstni napravi.<\/p>\n","protected":false},"featured_media":4157,"template":"","meta":[],"product_brand":[],"product_cat":[206,204],"product_tag":[],"class_list":{"0":"post-3492","1":"product","2":"type-product","3":"status-publish","4":"has-post-thumbnail","6":"product_cat-devices-for-facial-and-facial-treatments","7":"product_cat-facial-and-body-rejuvenation-devices","9":"first","10":"instock","11":"taxable","12":"shipping-taxable","13":"product-type-simple"},"_links":{"self":[{"href":"https:\/\/www.eliteiplrf.com\/en\/wp-json\/wp\/v2\/product\/3492","targetHints":{"allow":["GET"]}}],"collection":[{"href":"https:\/\/www.eliteiplrf.com\/en\/wp-json\/wp\/v2\/product"}],"about":[{"href":"https:\/\/www.eliteiplrf.com\/en\/wp-json\/wp\/v2\/types\/product"}],"wp:featuredmedia":[{"embeddable":true,"href":"https:\/\/www.eliteiplrf.com\/en\/wp-json\/wp\/v2\/media\/4157"}],"wp:attachment":[{"href":"https:\/\/www.eliteiplrf.com\/en\/wp-json\/wp\/v2\/media?parent=3492"}],"wp:term":[{"taxonomy":"product_brand","embeddable":true,"href":"https:\/\/www.eliteiplrf.com\/en\/wp-json\/wp\/v2\/product_brand?post=3492"},{"taxonomy":"product_cat","embeddable":true,"href":"https:\/\/www.eliteiplrf.com\/en\/wp-json\/wp\/v2\/product_cat?post=3492"},{"taxonomy":"product_tag","embeddable":true,"href":"https:\/\/www.eliteiplrf.com\/en\/wp-json\/wp\/v2\/product_tag?post=3492"}],"curies":[{"name":"wp","href":"https:\/\/api.w.org\/{rel}","templated":true}]}}