{"id":3490,"date":"2019-08-26T07:39:48","date_gmt":"2019-08-26T07:39:48","guid":{"rendered":"http:\/\/dev.eliteiplrf.com\/en\/?post_type=product&#038;p=3490"},"modified":"2019-08-26T07:39:48","modified_gmt":"2019-08-26T07:39:48","slug":"frakcionirana-radiofrekvenca-frakciorf","status":"publish","type":"product","link":"https:\/\/www.eliteiplrf.com\/en\/beauty-machine\/frakcionirana-radiofrekvenca-frakciorf\/","title":{"rendered":"Frakcionirana radiofrekvenca | FrakcioRF"},"content":{"rendered":"<div class=\"wpb-content-wrapper\"><p>[vc_row][vc_column width=&#8221;1\/2&#8243;][\/vc_column][vc_column width=&#8221;1\/2&#8243;][vc_column_text text_larger=&#8221;no&#8221;]<\/p>\n<h2>Kaj je Frakcionirana Radiofrekvenca?<\/h2>\n<p>Frakcionirana Radiofrekvenca predstavlja najnovej\u0161o tehnologijo izvora radiofrekven\u010dnih valov za neinvazivno, bolj varno in u\u010dinkovito terapijo brez bole\u010din in trajnih po\u0161kodb ko\u017ee.<\/p>\n<p>Zasnovan patentni dizajn terapevtske glave (\u0161tevilni pini, ki so oblikovani v mre\u017eo)omogo\u010da to\u010dkovno in enakomerno distribucijo radiofrekven\u010dne energije direktno v dermis, kar povzro\u010di rekonstrukcijo kolagenskih vlaken, izbolj\u0161a metabolizem ko\u017ee in vpliva na hitrej\u0161o obnovo ko\u017ee.[\/vc_column_text][\/vc_column][\/vc_row][vc_row][vc_column width=&#8221;1\/2&#8243;][vc_single_image image=&#8221;3259&#8243; img_size=&#8221;&#8221; alignment=&#8221;center&#8221; onclick=&#8221;link_image&#8221; parallax_scroll=&#8221;no&#8221;][\/vc_column][vc_column width=&#8221;1\/2&#8243;][vc_column_text text_larger=&#8221;no&#8221;]<\/p>\n<h2>Kako deluje?<\/h2>\n<p>Frakcionirana radiofrekvenca \u00a0v ko\u017ei povzro\u010di majhne termi\u010dne po\u0161kodbe v obliki vzorca mikro elektrod na terapevtski glavi. \u00a0V okolici mikro po\u0161kodb ko\u017ea ni prizadeta, kar predstavlja skladi\u0161\u010de celic, ki pospe\u0161ijo in spodbudijo varno in hitro celjenje po\u0161kodb. Frakcionirana radiofrekvenca tako pove\u010da u\u010dinkovitost samoobnavljanja in vpliva na hitrej\u0161o obnovo ko\u017ee v primerjavi z ostalimi neablativnimi in ablativnimi postopki pomlajevanja.[\/vc_column_text][\/vc_column][\/vc_row][vc_row][vc_column width=&#8221;1\/2&#8243;][vc_single_image image=&#8221;3262&#8243; img_size=&#8221;&#8221; alignment=&#8221;center&#8221; onclick=&#8221;link_image&#8221; title=&#8221;Rezultati klini\u010dnih raziskav&#8221; parallax_scroll=&#8221;no&#8221;][\/vc_column][vc_column width=&#8221;1\/2&#8243;][vc_column_text text_larger=&#8221;no&#8221;]<\/p>\n<h2>Katere indikacije se lahko tretira s Frakcionirano radiofrekvenco?<\/h2>\n<p>Frakcionirana radiofrekvenca je primerna za odpravljanje \u0161tevilnih ko\u017enih te\u017eav , saj ima zelo\u00a0 \u0161iroko uporabnost. Zagotavlja \u010dvrstej\u0161o, polnej\u0161o ko\u017eo z manj vidnimi gubicami, odpravlja pove\u0161enost ko\u017ee, vpliva na hitrej\u0161o regeneracijo ko\u017ee ter omogo\u010da bolj enakomerno in gladko povr\u0161ino ko\u017ee. Predstavlja tudi uspe\u0161ni tretma v boju proti aknam, pogosto pa je uporabna tudi za odstranjevanje post akenskih brazgotin.<\/p>\n<p>Frakcionirana Radiofrekvenca je tako primerna za:<\/p>\n<ul>\n<li>Odstranjevanje in zmanj\u0161anje gubic, tako plitvih kot globokih gub<\/li>\n<li>Pove\u0161ene ko\u017ee<\/li>\n<li>Puste ko\u017ee<\/li>\n<li>Strije<\/li>\n<li>Neenakomerne teksture ko\u017ee<\/li>\n<li>Raz\u0161irjene in vidne pore<\/li>\n<li>Post akenske brazgotine<\/li>\n<li>Zmanj\u0161anje hiperpigmentacij<\/li>\n<\/ul>\n<p><b>\u00a0<\/b><\/p>\n<h2>Kak\u0161ne so prednosti Frakcionirane radiofrekvence?<\/h2>\n<p>Tehnologija Frakcionirane radiofrekvence omogo\u010da \u0161tevilne koristi, tako za same izvajalce terapije, \u00a0kot njihove stranke:<\/p>\n<ul>\n<li>primerna za ve\u010dino strank<\/li>\n<li>relativno kratek \u010das terapije<\/li>\n<li>minimalna neudobnost<\/li>\n<li>vidni rezultati \u017ee po prvi terapiji<\/li>\n<li>vpliv na epidermis in dermis<\/li>\n<li>pove\u010da volumen dermisa<\/li>\n<li>izbolj\u0161a blage do \u00a0zmerne gube<\/li>\n<li>zmanj\u0161a pigmentacijo ko\u017ee<\/li>\n<li>pomaga izbolj\u0161ati post akenske brazgotine<\/li>\n<li>dolgo obstojni rezultati<\/li>\n<\/ul>\n<h2><b>Kak\u0161ni so stranski u\u010dinki?<\/b><\/h2>\n<p>Frakcionirana radiofrekvenca je neinvazivna, ne zahteva rehabilitacije in ne vpliva na delavne sposobnosti. Po kon\u010dani terapiji se lahko pojavi le za\u010dasna rde\u010dica, ob\u010dutek \u017earenja oz. topline, ki pa izgine v nekaj minutah do nekaj ur po kon\u010dani terapiji.<\/p>\n<h2>Kako dolgo traja terapija in koliko tretmajev je potrebnih?<\/h2>\n<p>\u010cas terapije je odvisen od predela kjer se bo izvajal tretma in prizadetosti oz. stanja ko\u017ee. Terapija na obrazu obi\u010dajno traja 20-30 minut, v kolikor se vklju\u010di \u0161e predel vratu ali dekolteja pa do 1 ure.<\/p>\n<p>Za dosego dolgotrajnih rezulatov se priporo\u010da izvedba vsaj 4 terapij. Ob mo\u010dnej\u0161i prizadetosti ko\u017ee in srednje do mo\u010dneje izra\u017eenih gub pa od 6-8 terapij.<\/p>\n<h2><b>Kak\u0161ni so stranski u\u010dinki?<\/b><\/h2>\n<p>Frakcionirana radiofrekvenca je neinvazivna, ne zahteva rehabilitacije in ne vpliva na delavne sposobnosti. Po kon\u010dani terapiji se lahko pojavi le za\u010dasna rde\u010dica, ob\u010dutek \u017earenja oz. topline, ki pa izgine v nekaj minutah do nekaj ur po kon\u010dani terapiji.<\/p>\n<h2>Kako dolgo traja terapija in koliko tretmajev je potrebnih?<\/h2>\n<p>\u010cas terapije je odvisen od predela kjer se bo izvajal tretma in prizadetosti oz. stanja ko\u017ee. Terapija na obrazu obi\u010dajno traja 20-30 minut, v kolikor se vklju\u010di \u0161e predel vratu ali dekolteja pa do 1 ure.<\/p>\n<p>Za dosego dolgotrajnih rezulatov se priporo\u010da izvedba vsaj 4 terapij. Ob mo\u010dnej\u0161i prizadetosti ko\u017ee in srednje do mo\u010dneje izra\u017eenih gub pa od 6-8 terapij.[\/vc_column_text][\/vc_column][\/vc_row]<\/p>\n<\/div>","protected":false},"excerpt":{"rendered":"<p><b>Kaj je Frakcionirana Radiofrekvenca?<\/b><\/p>\n<p>Frakcionirana Radiofrekvenca predstavlja najnovej\u0161o tehnologijo izvora radiofrekven\u010dnih valov za neinvazivno, bolj varno in u\u010dinkovito terapijo brez bole\u010din in trajnih po\u0161kodb ko\u017ee.<\/p>\n<p>Zasnovan patentni dizajn terapevtske glave (\u0161tevilni pini, ki so oblikovani v mre\u017eo)omogo\u010da to\u010dkovno in enakomerno distribucijo radiofrekven\u010dne energije direktno v dermis, kar povzro\u010di rekonstrukcijo kolagenskih vlaken, izbolj\u0161a metabolizem ko\u017ee in vpliva na hitrej\u0161o obnovo ko\u017ee.<\/p>\n","protected":false},"featured_media":3071,"template":"","meta":[],"product_brand":[],"product_cat":[206,204],"product_tag":[],"class_list":{"0":"post-3490","1":"product","2":"type-product","3":"status-publish","4":"has-post-thumbnail","6":"product_cat-devices-for-facial-and-facial-treatments","7":"product_cat-facial-and-body-rejuvenation-devices","9":"first","10":"instock","11":"taxable","12":"shipping-taxable","13":"product-type-simple"},"_links":{"self":[{"href":"https:\/\/www.eliteiplrf.com\/en\/wp-json\/wp\/v2\/product\/3490","targetHints":{"allow":["GET"]}}],"collection":[{"href":"https:\/\/www.eliteiplrf.com\/en\/wp-json\/wp\/v2\/product"}],"about":[{"href":"https:\/\/www.eliteiplrf.com\/en\/wp-json\/wp\/v2\/types\/product"}],"wp:featuredmedia":[{"embeddable":true,"href":"https:\/\/www.eliteiplrf.com\/en\/wp-json\/wp\/v2\/media\/3071"}],"wp:attachment":[{"href":"https:\/\/www.eliteiplrf.com\/en\/wp-json\/wp\/v2\/media?parent=3490"}],"wp:term":[{"taxonomy":"product_brand","embeddable":true,"href":"https:\/\/www.eliteiplrf.com\/en\/wp-json\/wp\/v2\/product_brand?post=3490"},{"taxonomy":"product_cat","embeddable":true,"href":"https:\/\/www.eliteiplrf.com\/en\/wp-json\/wp\/v2\/product_cat?post=3490"},{"taxonomy":"product_tag","embeddable":true,"href":"https:\/\/www.eliteiplrf.com\/en\/wp-json\/wp\/v2\/product_tag?post=3490"}],"curies":[{"name":"wp","href":"https:\/\/api.w.org\/{rel}","templated":true}]}}