{"id":3483,"date":"2019-08-26T07:20:09","date_gmt":"2019-08-26T07:20:09","guid":{"rendered":"http:\/\/dev.eliteiplrf.com\/en\/?post_type=product&#038;p=3483"},"modified":"2019-08-26T07:20:10","modified_gmt":"2019-08-26T07:20:10","slug":"kozmeticni-stolp-fox-3021","status":"publish","type":"product","link":"https:\/\/www.eliteiplrf.com\/en\/beauty-machine\/kozmeticni-stolp-fox-3021\/","title":{"rendered":"Kozmeti\u010dni stolp FOX-3021"},"content":{"rendered":"<div class=\"wpb-content-wrapper\"><p>[vc_row][vc_column width=&#8221;1\/2&#8243;][vc_single_image image=&#8221;3102&#8243; img_size=&#8221;&#8221; alignment=&#8221;center&#8221; onclick=&#8221;link_image&#8221; parallax_scroll=&#8221;no&#8221;][\/vc_column][vc_column width=&#8221;1\/2&#8243;][vc_column_text text_larger=&#8221;no&#8221;]Kozmeti\u010dni stolp Fox-3021 je profesionalna, ve\u010dnamenska kozmeti\u010dna naprava, ki uporabniku omogo\u010da razli\u010dne vrste kozmeti\u010dnih posegov, kot so:<br \/>\n&#8211; visoka frekvenca,<br \/>\n&#8211; frimator,<br \/>\n&#8211; vapozon,<br \/>\n&#8211; lupa,<br \/>\n&#8211; toplo&amp;hladna terapija,<br \/>\n&#8211; vakuumska terapija.<\/p>\n<p><strong>Cena vklju\u010duje:<\/strong><br \/>\n<a href=\"http:\/\/www.art-kozmetika.com\/multifunkcijski-vozicek-fox-f-3020.html\">&#8211; Multifunkcijski vozi\u010dek Fox F-3020<\/a><br \/>\n<a href=\"http:\/\/www.art-kozmetika.com\/namizna-kozmeticna-lupa-z-led-osvetlitvijo-fox-1005t-ampli.html\">&#8211; Kozmeti\u010dna lupa z LED osvetlitvijo Fox-1005T | Ampli |<\/a><br \/>\n<a href=\"http:\/\/www.art-kozmetika.com\/digitalni-vapozon-z-aromaterapijo-in-ozonom-fox-f-300dt.html\">&#8211; Digitalni vapozon z aromaterapijo in ozonom Fox F-300DT<\/a><br \/>\n<a href=\"http:\/\/www.art-kozmetika.com\/sterilizator-in-grelec-brisac-fox-t-01-warmex.html\">&#8211; Sterilizator in grelec brisa\u010d Fox-T-01 | Warmex |<\/a><br \/>\n<strong>+ 6 naprav po va\u0161i \u017eelji.<\/strong><\/p>\n<p><strong>Na voljo so naprave:<\/strong><br \/>\n<a href=\"http:\/\/www.art-kozmetika.com\/ultrazvocni-cistilec-koze-fox-f-311a.html\">&#8211; Ultrazvo\u010dni \u010distilec ko\u017ee Fox F-311A<\/a><br \/>\n<a href=\"http:\/\/www.art-kozmetika.com\/ultrazvok-fox-f-312a.html\">&#8211; Ultrazvok Fox F-312A<\/a><br \/>\n<a href=\"http:\/\/www.art-kozmetika.com\/galvanska-naprava-fox-f-313a.html\">&#8211; Galvanska naprava Fox F-313A<\/a><br \/>\n<a href=\"http:\/\/www.art-kozmetika.com\/visoka-frekvenca-fox-f-314a.html\">&#8211; Visoka frekvenca Fox F-314A<\/a><br \/>\n<a href=\"http:\/\/www.art-kozmetika.com\/frimator-fox-f-315a.html\">&#8211; Frimator Fox F-315A<\/a><br \/>\n<a href=\"http:\/\/www.art-kozmetika.com\/vakum-razprsilec-fox-f-316a.html\">&#8211; Vakum &amp; razpr\u0161ilec Fox F-316A<\/a><br \/>\n<a href=\"http:\/\/www.art-kozmetika.com\/magicna-rokavica-bio-cistilec-koze-fox-f-317a.html\">&#8211; Magi\u010dna rokavica &amp; bio \u010distilec ko\u017ee Fox F-317A<\/a><br \/>\n<a href=\"http:\/\/www.art-kozmetika.com\/toplo-hladno-kladivo-fox-f-318a.html\">&#8211; Toplo-hladno kladivo Fox F-318A<\/a><br \/>\n<a href=\"http:\/\/www.art-kozmetika.com\/mikrodermoabrazija-fox-f-319a.html\">&#8211; Mikrodermoabrazija Fox F-319A<\/a><\/p>\n<p>&nbsp;[\/vc_column_text][\/vc_column][\/vc_row][vc_row][vc_column width=&#8221;1\/2&#8243;][vc_single_image image=&#8221;3105&#8243; img_size=&#8221;&#8221; alignment=&#8221;center&#8221; onclick=&#8221;link_image&#8221; parallax_scroll=&#8221;no&#8221;][\/vc_column][vc_column width=&#8221;1\/2&#8243;][vc_column_text text_larger=&#8221;no&#8221;]<\/p>\n<h2>Funkcije kozmeti\u010dnega stolpa:<\/h2>\n<ul>\n<li>Ultrazvok z dvema nastavkoma,<\/li>\n<li>Frimator &#8211; \u0161\u010detke,<\/li>\n<li>Visoka frekvenca z nastavki,<\/li>\n<li>Vakuum,<\/li>\n<li>Sprej,<\/li>\n<li>Galvanski tok,<\/li>\n<li>Toplo hladno kladivo,<\/li>\n<li>Vapozon z aromaterapijo in digitalno kontrolo,<\/li>\n<li>Lupa z lu\u010dko (5x pove\u010dava) ,<\/li>\n<li>Grelec brisa\u010d UV sterilizator,<\/li>\n<\/ul>\n<p>***Opcija: Diamantna dermoabrazija<\/p>\n<p><strong>Eno od prvih \u0161estih funkcij lahko zamenjate tudi z ultrazvo\u010dnim \u010distilcem ko\u017ee (skin scruber).<\/strong><\/p>\n<p>Ve\u010dino funkcij se lahko uporablja neodvisno od drugih \u2013 isto\u010dasno. Kozmeti\u010dni stolp Fox-3021\u00a0je varen tako za uporabnika kot za stranko.<\/p>\n<h2>Visoka frekvenca<\/h2>\n<p>Visoka frekvenca dezinficira, stimulira in meh\u010da ko\u017eo. Terapija se izvaja s pomo\u010djo razli\u010dnih prilo\u017eenih nastavkov. Pri tem postopku se spro\u0161\u010da ozon, ki deluje dezinfekcijsko in pospe\u0161uje celjenje po\u0161kodb na ko\u017ei. FRIMATOR \u2013 s pomo\u010djo vrte\u010dih krta\u010dk, razli\u010dnih velikosti odstranjuje ne\u010disto\u010de in odmrle celice iz ko\u017ee in por. Omogo\u010da povr\u0161insko \u010di\u0161\u010denje ko\u017ee in mehanski piling, isto\u010dasno tudi masira, kar izbolj\u0161uje prekrvitev in u\u010dvrstitev ko\u017ee.<\/p>\n<h2>Vapozon<\/h2>\n<p>Vapozon topla para navla\u017ei in segreje ko\u017eo, s tem se raz\u0161irijo pore, omeh\u010dajo komedomi in druge ne\u010disto\u010de ko\u017ee. Para in ozon pospe\u0161ita mikrocirkulacijo krvi, izbolj\u0161a se metabolizem lokalnih celic. Vse skupaj omogo\u010da la\u017eje globinsko \u010di\u0161\u010denje ko\u017ee. LUPA \u2013 omogo\u010da trikratno pove\u010davo ko\u017ee in ko\u017enih elementov. Olaj\u0161a pregled ko\u017ee; dolo\u010danje velikosti in zama\u0161enosti por, ugotavljanje obsega vzrokov nastanka drugih pojavov na ko\u017ei, izvedbo epilacije in drugih negovalnih tretmajev.<\/p>\n<h2>Toplo-hladna terapija<\/h2>\n<p>Toplo-hladna terapija sprosti mi\u0161ice in ko\u017eo s prijetno masa\u017eo. S hladnim delom sonde se zo\u017eijo pore in kapilare, ko\u017ea se pomiri. S toplim delom sonde pa ko\u017eo pripravimo za globinsko \u010di\u0161\u010denje ali vna\u0161anje aktivno delujo\u010dih izdelkov v globje plasti ko\u017ee.<\/p>\n<h2>Vakuumska terapija<\/h2>\n<p>Vakuumska terapija se izvaja s pomo\u010djo posebnih steklenih nastavkov. Vakuumska mikro masa\u017ea pospe\u0161i cirkulacijo krvi in pretok limfe ter s tem ko\u017ei vrne energijo in elasti\u010dnost \u2013 ko\u017ea se pomladi.[\/vc_column_text][\/vc_column][\/vc_row]<\/p>\n<\/div>","protected":false},"excerpt":{"rendered":"<p><strong>Kozmeti\u010dni stolp je na zalogi. Ogledate si ga lahko v na\u0161em razstavnem salonu v Trebnjem.<\/strong><\/p>\n<p><strong>Kozmeti\u010dni stolp Fox-3021 | B-System | vklju\u010duje:<\/strong><br \/>\n<a href=\"http:\/\/www.art-kozmetika.com\/multifunkcijski-vozicek-fox-f-3020.html\">&#8211; Multifunkcijski vozi\u010dek Fox F-3020<\/a><br \/>\n<a href=\"http:\/\/www.art-kozmetika.com\/namizna-kozmeticna-lupa-z-led-osvetlitvijo-fox-1005t-ampli.html\">&#8211; Kozmeti\u010dna lupa z LED osvetlitvijo Fox-1005T | Ampli |<\/a><br \/>\n<a href=\"http:\/\/www.art-kozmetika.com\/digitalni-vapozon-z-aromaterapijo-in-ozonom-fox-f-300dt.html\">&#8211; Digitalni vapozon z aromaterapijo in ozonom Fox F-300DT<\/a><br \/>\n<a href=\"http:\/\/www.art-kozmetika.com\/sterilizator-in-grelec-brisac-fox-t-01-warmex.html\">&#8211; Sterilizator in grelec brisa\u010d Fox-T-01 | Warmex |<\/a><br \/>\n<strong>+ 6 naprav po va\u0161i \u017eelji.<\/strong><\/p>\n<p><strong>Na voljo so naprave:<\/strong><br \/>\n<a href=\"http:\/\/www.art-kozmetika.com\/ultrazvocni-cistilec-koze-fox-f-311a.html\">&#8211; Ultrazvo\u010dni \u010distilec ko\u017ee Fox F-311A<\/a><br \/>\n<a href=\"http:\/\/www.art-kozmetika.com\/ultrazvok-fox-f-312a.html\">&#8211; Ultrazvok Fox F-312A<\/a><br \/>\n<a href=\"http:\/\/www.art-kozmetika.com\/galvanska-naprava-fox-f-313a.html\">&#8211; Galvanska naprava Fox F-313A<\/a><br \/>\n<a href=\"http:\/\/www.art-kozmetika.com\/visoka-frekvenca-fox-f-314a.html\">&#8211; Visoka frekvenca Fox F-314A<\/a><br \/>\n<a href=\"http:\/\/www.art-kozmetika.com\/frimator-fox-f-315a.html\">&#8211; Frimator Fox F-315A<\/a><br \/>\n<a href=\"http:\/\/www.art-kozmetika.com\/vakum-razprsilec-fox-f-316a.html\">&#8211; Vakum &amp; razpr\u0161ilec Fox F-316A<\/a><br \/>\n<a href=\"http:\/\/www.art-kozmetika.com\/magicna-rokavica-bio-cistilec-koze-fox-f-317a.html\">&#8211; Magi\u010dna rokavica &amp; bio \u010distilec ko\u017ee Fox F-317A<\/a><br \/>\n<a href=\"http:\/\/www.art-kozmetika.com\/toplo-hladno-kladivo-fox-f-318a.html\">&#8211; Toplo-hladno kladivo Fox F-318A<\/a><br \/>\n<a href=\"http:\/\/www.art-kozmetika.com\/mikrodermoabrazija-fox-f-319a.html\">&#8211; Mikrodermoabrazija Fox F-319A<\/a><\/p>\n<p>***Opcija: Diamantna dermoabrazija<\/p>\n","protected":false},"featured_media":3100,"template":"","meta":[],"product_brand":[],"product_cat":[206,204,203],"product_tag":[],"class_list":{"0":"post-3483","1":"product","2":"type-product","3":"status-publish","4":"has-post-thumbnail","6":"product_cat-devices-for-facial-and-facial-treatments","7":"product_cat-facial-and-body-rejuvenation-devices","8":"product_cat-other","10":"first","11":"instock","12":"taxable","13":"shipping-taxable","14":"product-type-simple"},"_links":{"self":[{"href":"https:\/\/www.eliteiplrf.com\/en\/wp-json\/wp\/v2\/product\/3483","targetHints":{"allow":["GET"]}}],"collection":[{"href":"https:\/\/www.eliteiplrf.com\/en\/wp-json\/wp\/v2\/product"}],"about":[{"href":"https:\/\/www.eliteiplrf.com\/en\/wp-json\/wp\/v2\/types\/product"}],"wp:featuredmedia":[{"embeddable":true,"href":"https:\/\/www.eliteiplrf.com\/en\/wp-json\/wp\/v2\/media\/3100"}],"wp:attachment":[{"href":"https:\/\/www.eliteiplrf.com\/en\/wp-json\/wp\/v2\/media?parent=3483"}],"wp:term":[{"taxonomy":"product_brand","embeddable":true,"href":"https:\/\/www.eliteiplrf.com\/en\/wp-json\/wp\/v2\/product_brand?post=3483"},{"taxonomy":"product_cat","embeddable":true,"href":"https:\/\/www.eliteiplrf.com\/en\/wp-json\/wp\/v2\/product_cat?post=3483"},{"taxonomy":"product_tag","embeddable":true,"href":"https:\/\/www.eliteiplrf.com\/en\/wp-json\/wp\/v2\/product_tag?post=3483"}],"curies":[{"name":"wp","href":"https:\/\/api.w.org\/{rel}","templated":true}]}}